{"id":66,"date":"2014-01-27T15:59:08","date_gmt":"2014-01-27T14:59:08","guid":{"rendered":"http:\/\/torre.emazing.nl\/?page_id=66"},"modified":"2014-02-24T14:41:49","modified_gmt":"2014-02-24T13:41:49","slug":"matrices-de-sitios-y-dibujos-de-construccion","status":"publish","type":"page","link":"https:\/\/www.susanatorre.net\/es\/arquitectura-y-diseno\/matrices-de-sitios-y-dibujos-de-construccion\/","title":{"rendered":"Matrices de sitios y dibujos de construcci\u00f3n"},"content":{"rendered":"<p>Hist\u00f3ricamente y hasta hace muy poco, el concepto ideal del sitio arquitect\u00f3nico ha sido la <i>tabula rasa<\/i>, o en su defecto, un plinto para encubrir los \u201caccidentes\u201d topogr\u00e1ficos. Con el deseo de reivindicar la importancia del sitio en mis tempranos dise\u00f1os, cre\u00e9 diagramas anal\u00edticos para mapear la interacci\u00f3n de las condiciones que definen un sitio. Esta secci\u00f3n trata de esos dibujos o matrices para dos dise\u00f1os de interiores. Fueron parte de una serie de dibujos de gran escala (244 cm de largo) que llam\u00e9 \u201cWorking Drawings\u201d (Dibujos de Construcci\u00f3n). Estos dibujos se presentaron como alternativo a las representaciones edulcoradas que fueron puestas de moda a fines de los 1970 por la exposici\u00f3n de \u201cLa Arquitectura de los Beaux Arts\u201d en el Museo de Arte Moderno de Nueva York. Us\u00e9 el t\u00e9rmino \u201cWorking Drawings\u201d porque los dibujos conten\u00edan informaci\u00f3n conceptual sobre el espacio o el edificio que representaban, incluyendo textos, tal como hacen los dibujos de construcci\u00f3n (tambi\u00e9n llamados \u201cworking drawings\u201d). Estos dibujos inclu\u00edan diagramas de los sitios; im\u00e1genes fotogr\u00e1ficas relevantes al proyecto; y dibujos axonom\u00e9tricos que revelaban la estructura conceptual de cada dise\u00f1o.<\/p>\n<div class=\"slides\">\n<div class=\"image\"><a href=\"\/es\/arquitectura-y-diseno\/matrices-de-sitios-y-dibujos-de-construccion\/despacho-de-abogados\/\"><img loading=\"lazy\" decoding=\"async\" class=\"alignnone size-large wp-image-336\" alt=\"Despacho de Abogados\" src=\"\/wp-content\/uploads\/1.LawOffice-11a-525x380.jpg\" width=\"525\" height=\"380\" srcset=\"https:\/\/www.susanatorre.net\/wp-content\/uploads\/1.LawOffice-11a-525x380.jpg 525w, https:\/\/www.susanatorre.net\/wp-content\/uploads\/1.LawOffice-11a-253x183.jpg 253w, https:\/\/www.susanatorre.net\/wp-content\/uploads\/1.LawOffice-11a-193x140.jpg 193w, https:\/\/www.susanatorre.net\/wp-content\/uploads\/1.LawOffice-11a.jpg 983w\" sizes=\"auto, (max-width: 525px) 100vw, 525px\" \/><\/a><\/div>\n<div class=\"image\"><a href=\"\/es\/arquitectura-y-diseno\/matrices-de-sitios-y-dibujos-de-construccion\/consulado-de-la-republica-de-la-costa-de-marfil\/\"><img loading=\"lazy\" decoding=\"async\" class=\"alignnone size-large wp-image-339\" title=\"Consulado de la Rep\u00fablica de la Costa de Marfil\" alt=\"Consulado de la Rep\u00fablica de la Costa de Marfil\" src=\"\/wp-content\/uploads\/2.ICoast-1-525x167.jpg\" width=\"525\" height=\"167\" srcset=\"https:\/\/www.susanatorre.net\/wp-content\/uploads\/2.ICoast-1-525x167.jpg 525w, https:\/\/www.susanatorre.net\/wp-content\/uploads\/2.ICoast-1-253x80.jpg 253w, https:\/\/www.susanatorre.net\/wp-content\/uploads\/2.ICoast-1.jpg 1024w\" sizes=\"auto, (max-width: 525px) 100vw, 525px\" \/><\/a><\/div>\n<\/div>\n","protected":false},"excerpt":{"rendered":"<p>Hist\u00f3ricamente y hasta hace muy poco, el concepto ideal del sitio arquitect\u00f3nico ha sido la tabula rasa, o en su defecto, un plinto para encubrir los \u201caccidentes\u201d topogr\u00e1ficos. Con el deseo de reivindicar la importancia del sitio en mis tempranos dise\u00f1os, cre\u00e9 diagramas anal\u00edticos para mapear la interacci\u00f3n de las condiciones que definen un sitio. [&hellip;]<\/p>\n","protected":false},"author":1,"featured_media":1165,"parent":14,"menu_order":4,"comment_status":"closed","ping_status":"closed","template":"template-slideshow-overview.php","meta":{"footnotes":""},"class_list":["post-66","page","type-page","status-publish","has-post-thumbnail","hentry"],"_links":{"self":[{"href":"https:\/\/www.susanatorre.net\/es\/wp-json\/wp\/v2\/pages\/66","targetHints":{"allow":["GET"]}}],"collection":[{"href":"https:\/\/www.susanatorre.net\/es\/wp-json\/wp\/v2\/pages"}],"about":[{"href":"https:\/\/www.susanatorre.net\/es\/wp-json\/wp\/v2\/types\/page"}],"author":[{"embeddable":true,"href":"https:\/\/www.susanatorre.net\/es\/wp-json\/wp\/v2\/users\/1"}],"replies":[{"embeddable":true,"href":"https:\/\/www.susanatorre.net\/es\/wp-json\/wp\/v2\/comments?post=66"}],"version-history":[{"count":6,"href":"https:\/\/www.susanatorre.net\/es\/wp-json\/wp\/v2\/pages\/66\/revisions"}],"predecessor-version":[{"id":833,"href":"https:\/\/www.susanatorre.net\/es\/wp-json\/wp\/v2\/pages\/66\/revisions\/833"}],"up":[{"embeddable":true,"href":"https:\/\/www.susanatorre.net\/es\/wp-json\/wp\/v2\/pages\/14"}],"wp:featuredmedia":[{"embeddable":true,"href":"https:\/\/www.susanatorre.net\/es\/wp-json\/wp\/v2\/media\/1165"}],"wp:attachment":[{"href":"https:\/\/www.susanatorre.net\/es\/wp-json\/wp\/v2\/media?parent=66"}],"curies":[{"name":"wp","href":"https:\/\/api.w.org\/{rel}","templated":true}]}}