{"id":60,"date":"2014-01-27T15:57:13","date_gmt":"2014-01-27T14:57:13","guid":{"rendered":"http:\/\/torre.emazing.nl\/?page_id=60"},"modified":"2014-02-24T14:44:52","modified_gmt":"2014-02-24T13:44:52","slug":"edificios-cuerpos","status":"publish","type":"page","link":"https:\/\/www.susanatorre.net\/es\/arquitectura-y-diseno\/edificios-cuerpos\/","title":{"rendered":"Edificios \/ Cuerpos"},"content":{"rendered":"<p>Mi preocupaci\u00f3n ha sido c\u00f3mo los cuerpos humanos \u2014 mujeres u hombres, j\u00f3venes o viejos \u2014 ocupan la jerarqu\u00eda de espacios que apoyan la reproducci\u00f3n de roles definidos por g\u00e9nero, raza, o edad. En particular, me he preocupado por hacer expl\u00edcitas visualmente las asociaciones estereotipadas de determinados espacios con cuerpos masculinos o femeninos, paso previo para subvertirlas.<\/p>\n<div class=\"slides\">\n<div class=\"col-left\">\n<div class=\"image\"><a href=\"\/es\/arquitectura-y-diseno\/edificios-cuerpos\/concurso-para-el-chicago-tribune-propuestas-tardias\/\"><img loading=\"lazy\" decoding=\"async\" class=\"alignnone size-medium wp-image-318\" alt=\"Concurso para el Chicago Tribune: Propuestas Tard\u00edas\" src=\"\/wp-content\/uploads\/1.ChicagoTrib_combi-253x246.jpg\" width=\"253\" height=\"246\" srcset=\"https:\/\/www.susanatorre.net\/wp-content\/uploads\/1.ChicagoTrib_combi-253x246.jpg 253w, https:\/\/www.susanatorre.net\/wp-content\/uploads\/1.ChicagoTrib_combi-525x511.jpg 525w\" sizes=\"auto, (max-width: 253px) 100vw, 253px\" \/><\/a><\/div>\n<div class=\"image\"><a href=\"\/es\/arquitectura-y-diseno\/edificios-cuerpos\/una-casita-pequena\/\"><img loading=\"lazy\" decoding=\"async\" class=\"alignnone size-medium wp-image-323\" alt=\"Una casita peque\u00f1a\" src=\"\/wp-content\/uploads\/2.LittleHouse-11-253x341.jpg\" width=\"253\" height=\"341\" \/><\/a><\/div>\n<\/div>\n<div class=\"col-right\">\n<div class=\"image right\"><a href=\"\/es\/arquitectura-y-diseno\/edificios-cuerpos\/la-casa-falda\/\"><img loading=\"lazy\" decoding=\"async\" class=\"alignnone size-medium wp-image-321\" alt=\"La Casa Falda\" src=\"\/wp-content\/uploads\/3.SkirtHouse-2-253x189.jpg\" width=\"253\" height=\"189\" srcset=\"https:\/\/www.susanatorre.net\/wp-content\/uploads\/3.SkirtHouse-2-253x189.jpg 253w, https:\/\/www.susanatorre.net\/wp-content\/uploads\/3.SkirtHouse-2-525x394.jpg 525w, https:\/\/www.susanatorre.net\/wp-content\/uploads\/3.SkirtHouse-2.jpg 1196w\" sizes=\"auto, (max-width: 253px) 100vw, 253px\" \/><\/a><\/div>\n<div class=\"image right\"><a href=\"\/architecture-and-design\/buildings-bodies\/couchair\/\"><img loading=\"lazy\" decoding=\"async\" class=\"alignnone size-medium wp-image-325\" alt=\"Couchair\" src=\"\/wp-content\/uploads\/4.Couchair-4-253x189.jpg\" width=\"253\" height=\"189\" srcset=\"https:\/\/www.susanatorre.net\/wp-content\/uploads\/4.Couchair-4-253x189.jpg 253w, https:\/\/www.susanatorre.net\/wp-content\/uploads\/4.Couchair-4-525x394.jpg 525w, https:\/\/www.susanatorre.net\/wp-content\/uploads\/4.Couchair-4.jpg 895w\" sizes=\"auto, (max-width: 253px) 100vw, 253px\" \/><\/a><\/div>\n<div class=\"image right\"><a href=\"\/es\/arquitectura-y-diseno\/edificios-cuerpos\/el-museo-de-las-mujeres\/\"><img loading=\"lazy\" decoding=\"async\" class=\"alignnone size-medium wp-image-327\" alt=\"El Museo de las Mujeres\" src=\"\/wp-content\/uploads\/5.MoW-5-253x190.jpg\" width=\"253\" height=\"190\" srcset=\"https:\/\/www.susanatorre.net\/wp-content\/uploads\/5.MoW-5-253x190.jpg 253w, https:\/\/www.susanatorre.net\/wp-content\/uploads\/5.MoW-5-525x394.jpg 525w, https:\/\/www.susanatorre.net\/wp-content\/uploads\/5.MoW-5.jpg 864w\" sizes=\"auto, (max-width: 253px) 100vw, 253px\" \/><\/a><\/div>\n<\/div>\n<\/div>\n","protected":false},"excerpt":{"rendered":"<p>Mi preocupaci\u00f3n ha sido c\u00f3mo los cuerpos humanos \u2014 mujeres u hombres, j\u00f3venes o viejos \u2014 ocupan la jerarqu\u00eda de espacios que apoyan la reproducci\u00f3n de roles definidos por g\u00e9nero, raza, o edad. En particular, me he preocupado por hacer expl\u00edcitas visualmente las asociaciones estereotipadas de determinados espacios con cuerpos masculinos o femeninos, paso previo [&hellip;]<\/p>\n","protected":false},"author":1,"featured_media":1154,"parent":14,"menu_order":3,"comment_status":"closed","ping_status":"closed","template":"template-slideshow-overview.php","meta":{"footnotes":""},"class_list":["post-60","page","type-page","status-publish","has-post-thumbnail","hentry"],"_links":{"self":[{"href":"https:\/\/www.susanatorre.net\/es\/wp-json\/wp\/v2\/pages\/60","targetHints":{"allow":["GET"]}}],"collection":[{"href":"https:\/\/www.susanatorre.net\/es\/wp-json\/wp\/v2\/pages"}],"about":[{"href":"https:\/\/www.susanatorre.net\/es\/wp-json\/wp\/v2\/types\/page"}],"author":[{"embeddable":true,"href":"https:\/\/www.susanatorre.net\/es\/wp-json\/wp\/v2\/users\/1"}],"replies":[{"embeddable":true,"href":"https:\/\/www.susanatorre.net\/es\/wp-json\/wp\/v2\/comments?post=60"}],"version-history":[{"count":6,"href":"https:\/\/www.susanatorre.net\/es\/wp-json\/wp\/v2\/pages\/60\/revisions"}],"predecessor-version":[{"id":835,"href":"https:\/\/www.susanatorre.net\/es\/wp-json\/wp\/v2\/pages\/60\/revisions\/835"}],"up":[{"embeddable":true,"href":"https:\/\/www.susanatorre.net\/es\/wp-json\/wp\/v2\/pages\/14"}],"wp:featuredmedia":[{"embeddable":true,"href":"https:\/\/www.susanatorre.net\/es\/wp-json\/wp\/v2\/media\/1154"}],"wp:attachment":[{"href":"https:\/\/www.susanatorre.net\/es\/wp-json\/wp\/v2\/media?parent=60"}],"curies":[{"name":"wp","href":"https:\/\/api.w.org\/{rel}","templated":true}]}}