{"id":54,"date":"2014-01-27T15:55:49","date_gmt":"2014-01-27T14:55:49","guid":{"rendered":"http:\/\/torre.emazing.nl\/?page_id=54"},"modified":"2014-02-24T14:47:19","modified_gmt":"2014-02-24T13:47:19","slug":"haciendo-espacio-para-las-mujeres","status":"publish","type":"page","link":"https:\/\/www.susanatorre.net\/es\/arquitectura-y-diseno\/haciendo-espacio-para-las-mujeres\/","title":{"rendered":"Haciendo espacio para las mujeres"},"content":{"rendered":"<p>Ser miembro de la sociedad implica responsabilidad \u2014 pero, \u00bfhacia qui\u00e9n? Yo he elegido trabajar para la igualdad y para abrir oportunidades a las mujeres, y en general a personas desaventajadas social y econ\u00f3micamente. A mi manera de ver, lo m\u00e1s urgente es asegurar que todas las ni\u00f1as reciban educaci\u00f3n, especialmente en los lugares donde se proh\u00edbe, y que todos los ni\u00f1os tengan alimentaci\u00f3n y sanidad. Pero es tambi\u00e9n importante hacer visible lo que ha sido suprimido; cambiar la organizaci\u00f3n y jerarqu\u00eda de los espacios para que las mujeres los puedan ocupar como agentes sociales; y crear espacios de reconocimiento de los aportes de las mujeres a la cultura y la sociedad hasta que estos sean la regla aceptada y no la mediatizada excepci\u00f3n.<\/p>\n<div class=\"slides\">\n<div class=\"image\"><a href=\"\/es\/arquitectura-y-diseno\/haciendo-espacio-para-las-mujeres\/las-mujeres-en-la-arquitectura-de-los-estados-unidos\/\"><img loading=\"lazy\" decoding=\"async\" class=\"alignnone size-large wp-image-309\" alt=\"Las mujeres en la arquitectura de los Estados Unidos\" src=\"\/wp-content\/uploads\/1.WAmArch-1-525x370.jpg\" width=\"525\" height=\"370\" srcset=\"https:\/\/www.susanatorre.net\/wp-content\/uploads\/1.WAmArch-1-525x370.jpg 525w, https:\/\/www.susanatorre.net\/wp-content\/uploads\/1.WAmArch-1-253x178.jpg 253w, https:\/\/www.susanatorre.net\/wp-content\/uploads\/1.WAmArch-1.jpg 1200w\" sizes=\"auto, (max-width: 525px) 100vw, 525px\" \/><\/a><\/div>\n<div class=\"image\"><a href=\"\/es\/arquitectura-y-diseno\/haciendo-espacio-para-las-mujeres\/sobre-el-espacio-posmoderno-para-lily-reich\/\"><img loading=\"lazy\" decoding=\"async\" class=\"alignnone size-medium wp-image-311\" alt=\"Sobre el espacio (posmoderno): Para Lily Reich\" src=\"\/wp-content\/uploads\/2.Post-Mod-1-253x375.jpg\" width=\"253\" height=\"375\" srcset=\"https:\/\/www.susanatorre.net\/wp-content\/uploads\/2.Post-Mod-1-253x375.jpg 253w, https:\/\/www.susanatorre.net\/wp-content\/uploads\/2.Post-Mod-1-525x778.jpg 525w, https:\/\/www.susanatorre.net\/wp-content\/uploads\/2.Post-Mod-1.jpg 809w\" sizes=\"auto, (max-width: 253px) 100vw, 253px\" \/><\/a><\/div>\n<div class=\"image right\"><a href=\"\/es\/arquitectura-y-diseno\/haciendo-espacio-para-las-mujeres\/casa-de-bomberos-5\/\"><img loading=\"lazy\" decoding=\"async\" class=\"alignnone size-medium wp-image-307\" alt=\"Casa de Bomberos 5\" src=\"\/wp-content\/uploads\/3.FS5-5-253x380.jpg\" width=\"253\" height=\"380\" srcset=\"https:\/\/www.susanatorre.net\/wp-content\/uploads\/3.FS5-5-253x380.jpg 253w, https:\/\/www.susanatorre.net\/wp-content\/uploads\/3.FS5-5-525x788.jpg 525w, https:\/\/www.susanatorre.net\/wp-content\/uploads\/3.FS5-5.jpg 623w\" sizes=\"auto, (max-width: 253px) 100vw, 253px\" \/><\/a><\/div>\n<\/div>\n","protected":false},"excerpt":{"rendered":"<p>Ser miembro de la sociedad implica responsabilidad \u2014 pero, \u00bfhacia qui\u00e9n? Yo he elegido trabajar para la igualdad y para abrir oportunidades a las mujeres, y en general a personas desaventajadas social y econ\u00f3micamente. A mi manera de ver, lo m\u00e1s urgente es asegurar que todas las ni\u00f1as reciban educaci\u00f3n, especialmente en los lugares donde [&hellip;]<\/p>\n","protected":false},"author":1,"featured_media":1152,"parent":14,"menu_order":2,"comment_status":"closed","ping_status":"closed","template":"template-slideshow-overview.php","meta":{"footnotes":""},"class_list":["post-54","page","type-page","status-publish","has-post-thumbnail","hentry"],"_links":{"self":[{"href":"https:\/\/www.susanatorre.net\/es\/wp-json\/wp\/v2\/pages\/54","targetHints":{"allow":["GET"]}}],"collection":[{"href":"https:\/\/www.susanatorre.net\/es\/wp-json\/wp\/v2\/pages"}],"about":[{"href":"https:\/\/www.susanatorre.net\/es\/wp-json\/wp\/v2\/types\/page"}],"author":[{"embeddable":true,"href":"https:\/\/www.susanatorre.net\/es\/wp-json\/wp\/v2\/users\/1"}],"replies":[{"embeddable":true,"href":"https:\/\/www.susanatorre.net\/es\/wp-json\/wp\/v2\/comments?post=54"}],"version-history":[{"count":6,"href":"https:\/\/www.susanatorre.net\/es\/wp-json\/wp\/v2\/pages\/54\/revisions"}],"predecessor-version":[{"id":836,"href":"https:\/\/www.susanatorre.net\/es\/wp-json\/wp\/v2\/pages\/54\/revisions\/836"}],"up":[{"embeddable":true,"href":"https:\/\/www.susanatorre.net\/es\/wp-json\/wp\/v2\/pages\/14"}],"wp:featuredmedia":[{"embeddable":true,"href":"https:\/\/www.susanatorre.net\/es\/wp-json\/wp\/v2\/media\/1152"}],"wp:attachment":[{"href":"https:\/\/www.susanatorre.net\/es\/wp-json\/wp\/v2\/media?parent=54"}],"curies":[{"name":"wp","href":"https:\/\/api.w.org\/{rel}","templated":true}]}}