{"id":48,"date":"2014-01-27T15:54:21","date_gmt":"2014-01-27T14:54:21","guid":{"rendered":"http:\/\/torre.emazing.nl\/?page_id=48"},"modified":"2025-10-20T12:48:23","modified_gmt":"2025-10-20T11:48:23","slug":"el-individuo-y-el-colectivo","status":"publish","type":"page","link":"https:\/\/www.susanatorre.net\/es\/arquitectura-y-diseno\/el-individuo-y-el-colectivo\/","title":{"rendered":"El individuo y el colectivo"},"content":{"rendered":"<p>Desde mis primeros d\u00edas como arquitecta, me interes\u00f3 la tensi\u00f3n nunca resuelta entre el proceso din\u00e1mico de la vida de los habitantes, y los l\u00edmites que impone a ese proceso el contenedor arquitect\u00f3nico. Se supone que nuestros edificios alcancen una forma completa y final, que no se queden en un estado no determinado \u2014 pero el habitar y la creaci\u00f3n de comunidad son procesos abiertos. Descubr\u00ed que pod\u00eda mantener la tensi\u00f3n entre el objeto arquitect\u00f3nico y el proceso si conceb\u00eda y dise\u00f1aba los edificios de viviendas como matrices espaciales, y no como sistemas formales cerrados.<\/p>\n<div class=\"slides\">\n<div class=\"image\"><a href=\"\/es\/arquitectura-y-diseno\/el-individuo-y-el-colectivo\/la-casa-de-los-significados\/\"><img loading=\"lazy\" decoding=\"async\" class=\"alignnone size-large wp-image-299\" title=\"La Casa de los Significados\" alt=\"La Casa de los Significados\" src=\"\/wp-content\/uploads\/1a.HouseM-1-Yves-525x448.jpg\" width=\"525\" height=\"448\" srcset=\"https:\/\/www.susanatorre.net\/wp-content\/uploads\/1a.HouseM-1-Yves-525x448.jpg 525w, https:\/\/www.susanatorre.net\/wp-content\/uploads\/1a.HouseM-1-Yves-253x216.jpg 253w, https:\/\/www.susanatorre.net\/wp-content\/uploads\/1a.HouseM-1-Yves.jpg 1000w\" sizes=\"auto, (max-width: 525px) 100vw, 525px\" \/><\/a><\/div>\n<div class=\"image\"><a href=\"\/es\/arquitectura-y-diseno\/el-individuo-y-el-colectivo\/una-comunidad-en-carboneras\/\"><img loading=\"lazy\" decoding=\"async\" class=\"alignnone size-large wp-image-301\" title=\"Una comunidad en Carboneras\" alt=\"Una comunidad en Carboneras\" src=\"\/wp-content\/uploads\/2.CarboCom-1-525x288.jpg\" width=\"525\" height=\"288\" srcset=\"https:\/\/www.susanatorre.net\/wp-content\/uploads\/2.CarboCom-1-525x288.jpg 525w, https:\/\/www.susanatorre.net\/wp-content\/uploads\/2.CarboCom-1-253x138.jpg 253w, https:\/\/www.susanatorre.net\/wp-content\/uploads\/2.CarboCom-1.jpg 1200w\" sizes=\"auto, (max-width: 525px) 100vw, 525px\" \/><\/a><\/div>\n<\/div>\n","protected":false},"excerpt":{"rendered":"<p>Desde mis primeros d\u00edas como arquitecta, me interes\u00f3 la tensi\u00f3n nunca resuelta entre el proceso din\u00e1mico de la vida de los habitantes, y los l\u00edmites que impone a ese proceso el contenedor arquitect\u00f3nico. Se supone que nuestros edificios alcancen una forma completa y final, que no se queden en un estado no determinado \u2014 pero [&hellip;]<\/p>\n","protected":false},"author":1,"featured_media":1150,"parent":14,"menu_order":1,"comment_status":"closed","ping_status":"closed","template":"template-slideshow-overview.php","meta":{"footnotes":""},"class_list":["post-48","page","type-page","status-publish","has-post-thumbnail","hentry"],"_links":{"self":[{"href":"https:\/\/www.susanatorre.net\/es\/wp-json\/wp\/v2\/pages\/48","targetHints":{"allow":["GET"]}}],"collection":[{"href":"https:\/\/www.susanatorre.net\/es\/wp-json\/wp\/v2\/pages"}],"about":[{"href":"https:\/\/www.susanatorre.net\/es\/wp-json\/wp\/v2\/types\/page"}],"author":[{"embeddable":true,"href":"https:\/\/www.susanatorre.net\/es\/wp-json\/wp\/v2\/users\/1"}],"replies":[{"embeddable":true,"href":"https:\/\/www.susanatorre.net\/es\/wp-json\/wp\/v2\/comments?post=48"}],"version-history":[{"count":7,"href":"https:\/\/www.susanatorre.net\/es\/wp-json\/wp\/v2\/pages\/48\/revisions"}],"predecessor-version":[{"id":837,"href":"https:\/\/www.susanatorre.net\/es\/wp-json\/wp\/v2\/pages\/48\/revisions\/837"}],"up":[{"embeddable":true,"href":"https:\/\/www.susanatorre.net\/es\/wp-json\/wp\/v2\/pages\/14"}],"wp:featuredmedia":[{"embeddable":true,"href":"https:\/\/www.susanatorre.net\/es\/wp-json\/wp\/v2\/media\/1150"}],"wp:attachment":[{"href":"https:\/\/www.susanatorre.net\/es\/wp-json\/wp\/v2\/media?parent=48"}],"curies":[{"name":"wp","href":"https:\/\/api.w.org\/{rel}","templated":true}]}}