{"id":363,"date":"2014-02-10T15:44:21","date_gmt":"2014-02-10T14:44:21","guid":{"rendered":"http:\/\/torre.emazing.nl\/?page_id=363"},"modified":"2016-12-21T12:53:15","modified_gmt":"2016-12-21T11:53:15","slug":"repensando-ellis-island","status":"publish","type":"page","link":"https:\/\/www.susanatorre.net\/es\/arquitectura-y-diseno\/memoria-colectiva\/repensando-ellis-island\/","title":{"rendered":"Repensando Ellis Island"},"content":{"rendered":"<style type=\"text\/css\">.easingslider-7200 { max-width: 525px; }.easingslider-7200 .easingslider-image { max-height: 400px; max-width: 525px; }.easingslider-7200 .easingslider-fade-in, .easingslider-fade-out { -webkit-animation-duration: 500ms; -moz-animation-duration: 500ms; animation-duration: 500ms; }<\/style><script type=\"text\/javascript\">window.EasingSlider7200 = {\"width\":525,\"height\":400,\"singleItem\":true,\"items\":1,\"itemsDesktop\":false,\"itemsDesktopSmall\":false,\"itemsTablet\":false,\"itemsTabletSmall\":false,\"itemsMobile\":false,\"responsive\":true,\"lazyLoad\":true,\"autoPlay\":4000,\"slideSpeed\":500,\"navigation\":true,\"navigationText\":[\"\",\"\"],\"pagination\":true,\"autoHeight\":false,\"mouseDrag\":false,\"touchDrag\":false,\"addClassActive\":true,\"transitionStyle\":false};<\/script><div data-id=\"7200\" class=\"easingslider easingslider-7200 easingslider-container easingslider-resizing-enabled easingslider-aspect-ratio easingslider-arrows-outside easingslider-pagination-hover easingslider-pagination-inside easingslider-pagination-bottom-center\"><div class=\"easingslider-slide\"><img decoding=\"async\" src=\"https:\/\/www.susanatorre.net\/wp-content\/plugins\/emazing-easing-slider\/assets\/images\/placeholder-pixel.png\" data-src=\"http:\/\/www.susanatorre.net\/wp-content\/uploads\/slide-ellis-island-1.jpg\" alt=\"\" title=\"slide-ellis-island-1\" class=\"easingslider-image easingslider-lazy\" \/><\/div><div class=\"easingslider-slide\"><img decoding=\"async\" src=\"https:\/\/www.susanatorre.net\/wp-content\/plugins\/emazing-easing-slider\/assets\/images\/placeholder-pixel.png\" data-src=\"http:\/\/www.susanatorre.net\/wp-content\/uploads\/slide-ellis-island-3.jpg\" alt=\"\" title=\"slide-ellis-island-3\" class=\"easingslider-image easingslider-lazy\" \/><\/div><div class=\"easingslider-slide\"><img decoding=\"async\" src=\"https:\/\/www.susanatorre.net\/wp-content\/plugins\/emazing-easing-slider\/assets\/images\/placeholder-pixel.png\" data-src=\"http:\/\/www.susanatorre.net\/wp-content\/uploads\/slide-ellis-island-4.jpg\" alt=\"\" title=\"slide-ellis-island-4\" class=\"easingslider-image easingslider-lazy\" \/><\/div><div class=\"easingslider-slide\"><img decoding=\"async\" src=\"https:\/\/www.susanatorre.net\/wp-content\/plugins\/emazing-easing-slider\/assets\/images\/placeholder-pixel.png\" data-src=\"http:\/\/www.susanatorre.net\/wp-content\/uploads\/slide-ellis-island-5.jpg\" alt=\"\" title=\"slide-ellis-island-5\" class=\"easingslider-image easingslider-lazy\" \/><\/div><div class=\"easingslider-slide\"><img decoding=\"async\" src=\"https:\/\/www.susanatorre.net\/wp-content\/plugins\/emazing-easing-slider\/assets\/images\/placeholder-pixel.png\" data-src=\"http:\/\/www.susanatorre.net\/wp-content\/uploads\/slide-ellis-island-6.jpg\" alt=\"\" title=\"slide-ellis-island-6\" class=\"easingslider-image easingslider-lazy\" \/><\/div><div class=\"easingslider-slide\"><img decoding=\"async\" src=\"https:\/\/www.susanatorre.net\/wp-content\/plugins\/emazing-easing-slider\/assets\/images\/placeholder-pixel.png\" data-src=\"http:\/\/www.susanatorre.net\/wp-content\/uploads\/slide-ellis-island-7.jpg\" alt=\"\" title=\"slide-ellis-island-7\" class=\"easingslider-image easingslider-lazy\" \/><\/div><div class=\"easingslider-slide\"><img decoding=\"async\" src=\"https:\/\/www.susanatorre.net\/wp-content\/plugins\/emazing-easing-slider\/assets\/images\/placeholder-pixel.png\" data-src=\"http:\/\/www.susanatorre.net\/wp-content\/uploads\/slide-ellis-island-8.jpg\" alt=\"\" title=\"slide-ellis-island-8\" class=\"easingslider-image easingslider-lazy\" \/><\/div><div class=\"easingslider-slide\"><img decoding=\"async\" src=\"https:\/\/www.susanatorre.net\/wp-content\/plugins\/emazing-easing-slider\/assets\/images\/placeholder-pixel.png\" data-src=\"http:\/\/www.susanatorre.net\/wp-content\/uploads\/slide-ellis-island-9.jpg\" alt=\"\" title=\"slide-ellis-island-9\" class=\"easingslider-image easingslider-lazy\" \/><\/div><\/div>\n<h2>Repensando Ellis Island\u00a0| 1980<\/h2>\n<h3>Ellis Island, Puerto de la Ciudad de Nueva York<\/h3>\n<p>De 1892 a 1954, Ellis Island fue punto de entrada para 16 millones de inmigrantes a los EE.UU., todos pobres, muchos desterrados por sucesos pol\u00edticos y econ\u00f3micos en sus pa\u00edses de origen. En 1980, casi la mitad de la poblaci\u00f3n de los EE.UU. eran personas que hab\u00edan llegado por Ellis Island o sus descendientes. No obstante, no hab\u00eda ning\u00fan lugar en el pa\u00eds para conmemorar la experiencia o los aportes de los inmigrantes a la sociedad multicultural que es Am\u00e9rica. La isla era inaccesible al p\u00fablico, y los cimientos de los pabellones de aislaci\u00f3n del Hospital estaban parcialmente inundados. Este dise\u00f1o propon\u00eda transformar la isla abandonada en un memorial y sitio para festivales y otras celebraciones de las culturas de los distintos grupos \u00e9tnicos y nacionales. El punto de partida fue el reconocimiento de la ruptura que implica el empezar de nuevo en un medio ambiente duro y a veces hostil; el dise\u00f1o es una reflexi\u00f3n acerca de la fuerza del paisaje para provocar respuestas emotivas que recuerdan las experiencias del desplazamiento f\u00edsico y emocional. Una mitad de la isla, donde la Estaci\u00f3n de Inmigraci\u00f3n se convertir\u00eda en museo, ser\u00eda un paisaje fragmentado, compuesto del registro arqueol\u00f3gico de los cambios del per\u00edmetro de la isla a trav\u00e9s de su historia. La otra mitad incluir\u00eda un \u00e1rea verde entre un Centro para el Estudio de la Ascendencia en el antiguo Hospital, y una estructura escalonada cubriendo los pabellones arruinados, con gradas para observar actos en el espacio central. La cubierta sur de esta nueva estructura enmarcar\u00eda una vista de la Estatua de la Libertad tal como la vieron los inmigrantes, y el jard\u00edn-laberinto en el nivel superior simbolizar\u00eda un viaje metaf\u00f3rico. El bosque que cubre la uni\u00f3n entre los dos lados de la isla recordar\u00eda la tierra virgen a ser transformada en agricultura y prosperidad, seg\u00fan promet\u00edan los libritos que distribu\u00edan las l\u00edneas navieras a los posibles inmigrantes a principios del siglo XX.<\/p>\n","protected":false},"excerpt":{"rendered":"<p>Repensando Ellis Island\u00a0| 1980 Ellis Island, Puerto de la Ciudad de Nueva York De 1892 a 1954, Ellis Island fue punto de entrada para 16 millones de inmigrantes a los EE.UU., todos pobres, muchos desterrados por sucesos pol\u00edticos y econ\u00f3micos en sus pa\u00edses de origen. En 1980, casi la mitad de la poblaci\u00f3n de los [&hellip;]<\/p>\n","protected":false},"author":1,"featured_media":0,"parent":72,"menu_order":2,"comment_status":"closed","ping_status":"closed","template":"template-slideshow.php","meta":{"footnotes":""},"class_list":["post-363","page","type-page","status-publish","hentry"],"_links":{"self":[{"href":"https:\/\/www.susanatorre.net\/es\/wp-json\/wp\/v2\/pages\/363","targetHints":{"allow":["GET"]}}],"collection":[{"href":"https:\/\/www.susanatorre.net\/es\/wp-json\/wp\/v2\/pages"}],"about":[{"href":"https:\/\/www.susanatorre.net\/es\/wp-json\/wp\/v2\/types\/page"}],"author":[{"embeddable":true,"href":"https:\/\/www.susanatorre.net\/es\/wp-json\/wp\/v2\/users\/1"}],"replies":[{"embeddable":true,"href":"https:\/\/www.susanatorre.net\/es\/wp-json\/wp\/v2\/comments?post=363"}],"version-history":[{"count":3,"href":"https:\/\/www.susanatorre.net\/es\/wp-json\/wp\/v2\/pages\/363\/revisions"}],"predecessor-version":[{"id":7274,"href":"https:\/\/www.susanatorre.net\/es\/wp-json\/wp\/v2\/pages\/363\/revisions\/7274"}],"up":[{"embeddable":true,"href":"https:\/\/www.susanatorre.net\/es\/wp-json\/wp\/v2\/pages\/72"}],"wp:attachment":[{"href":"https:\/\/www.susanatorre.net\/es\/wp-json\/wp\/v2\/media?parent=363"}],"curies":[{"name":"wp","href":"https:\/\/api.w.org\/{rel}","templated":true}]}}