{"id":361,"date":"2014-02-10T15:43:44","date_gmt":"2014-02-10T14:43:44","guid":{"rendered":"http:\/\/torre.emazing.nl\/?page_id=361"},"modified":"2016-12-21T12:52:34","modified_gmt":"2016-12-21T11:52:34","slug":"memorial-feminista","status":"publish","type":"page","link":"https:\/\/www.susanatorre.net\/es\/arquitectura-y-diseno\/memoria-colectiva\/memorial-feminista\/","title":{"rendered":"Memorial feminista"},"content":{"rendered":"<style type=\"text\/css\">.easingslider-7201 { max-width: 525px; }.easingslider-7201 .easingslider-image { max-height: 400px; max-width: 525px; }.easingslider-7201 .easingslider-fade-in, .easingslider-fade-out { -webkit-animation-duration: 500ms; -moz-animation-duration: 500ms; animation-duration: 500ms; }<\/style><script type=\"text\/javascript\">window.EasingSlider7201 = {\"width\":525,\"height\":400,\"singleItem\":true,\"items\":1,\"itemsDesktop\":false,\"itemsDesktopSmall\":false,\"itemsTablet\":false,\"itemsTabletSmall\":false,\"itemsMobile\":false,\"responsive\":true,\"lazyLoad\":true,\"autoPlay\":4000,\"slideSpeed\":500,\"navigation\":true,\"navigationText\":[\"\",\"\"],\"pagination\":true,\"autoHeight\":false,\"mouseDrag\":false,\"touchDrag\":false,\"addClassActive\":true,\"transitionStyle\":false};<\/script><div data-id=\"7201\" class=\"easingslider easingslider-7201 easingslider-container easingslider-resizing-enabled easingslider-aspect-ratio easingslider-arrows-outside easingslider-pagination-hover easingslider-pagination-inside easingslider-pagination-bottom-center\"><div class=\"easingslider-slide\"><img decoding=\"async\" src=\"https:\/\/www.susanatorre.net\/wp-content\/plugins\/emazing-easing-slider\/assets\/images\/placeholder-pixel.png\" data-src=\"http:\/\/www.susanatorre.net\/wp-content\/uploads\/slide-fem-memorial-3.jpg\" alt=\"\" title=\"slide-fem-memorial-3\" class=\"easingslider-image easingslider-lazy\" \/><\/div><div class=\"easingslider-slide\"><img decoding=\"async\" src=\"https:\/\/www.susanatorre.net\/wp-content\/plugins\/emazing-easing-slider\/assets\/images\/placeholder-pixel.png\" data-src=\"http:\/\/www.susanatorre.net\/wp-content\/uploads\/slide-fem-memorial-6.jpg\" alt=\"\" title=\"slide-fem-memorial-6\" class=\"easingslider-image easingslider-lazy\" \/><\/div><div class=\"easingslider-slide\"><img decoding=\"async\" src=\"https:\/\/www.susanatorre.net\/wp-content\/plugins\/emazing-easing-slider\/assets\/images\/placeholder-pixel.png\" data-src=\"http:\/\/www.susanatorre.net\/wp-content\/uploads\/slide-fem-memorial-7.jpg\" alt=\"\" title=\"slide-fem-memorial-7\" class=\"easingslider-image easingslider-lazy\" \/><\/div><\/div>\n<h2>Memorial feminista (Para Marion Mahony)\u00a0 | 1975<\/h2>\n<h3>Monte Ainslie, Canberra, Australia<\/h3>\n<p>Este memorial se concibi\u00f3 como un anti-monumento \u2014 no para exaltar un individuo, sino para dirigir la mirada del visitante al dise\u00f1o de la ciudad de Canberra y de esta manera recordar a sus creadores, Walter Burley Griffin y Marion Mahony. Griffin y Mahony se hab\u00edan conocido cuando trabajaban en el estudio de Frank Lloyd Wright en Oak Park, Illinois (EE.UU.), donde ella contribuy\u00f3 a la reputaci\u00f3n internacional de Wright con sus dibujos para el influyente Portafolio Wasmuth. En 1911 Mahony y Griffin, ya casados y socios, ganaron el concurso para dise\u00f1ar la nueva capital de Australia. Sin embargo ella no recibi\u00f3 en vida reconocimiento p\u00fablico por su trabajo, permaneciendo en la sombra de los arquitectos varones con quienes hab\u00eda colaborado. Los organizadores del concurso para un memorial en la cima del Monte Ainslie con vista a Canberra eligieron honrar a Griffin, obviando totalmente a Mahony. Este Memorial feminista, en contraste, ser\u00eda un observatorio cuya secuencia espacial y cuyos alineamientos con los ejes principales de la ciudad, que es el verdadero monumento, har\u00edan visible su estructura. Los elementos del observatorio \u2013 el agua que cae entre dos niveles de una piscina circular; las ventanas; el m\u00e1rmol del color de la piel; y la sala excavada debajo \u2013 son referencias convencionales a una \u201ccasa\u201d (la mujer como ser social) y una \u201ccueva\u201d (la mujer en cuanto ser biol\u00f3gico), haciendo presente la ausencia de Mahony en el memorial.<\/p>\n","protected":false},"excerpt":{"rendered":"<p>Memorial feminista (Para Marion Mahony)\u00a0 | 1975 Monte Ainslie, Canberra, Australia Este memorial se concibi\u00f3 como un anti-monumento \u2014 no para exaltar un individuo, sino para dirigir la mirada del visitante al dise\u00f1o de la ciudad de Canberra y de esta manera recordar a sus creadores, Walter Burley Griffin y Marion Mahony. Griffin y Mahony [&hellip;]<\/p>\n","protected":false},"author":1,"featured_media":0,"parent":72,"menu_order":0,"comment_status":"closed","ping_status":"closed","template":"template-slideshow.php","meta":{"footnotes":""},"class_list":["post-361","page","type-page","status-publish","hentry"],"_links":{"self":[{"href":"https:\/\/www.susanatorre.net\/es\/wp-json\/wp\/v2\/pages\/361","targetHints":{"allow":["GET"]}}],"collection":[{"href":"https:\/\/www.susanatorre.net\/es\/wp-json\/wp\/v2\/pages"}],"about":[{"href":"https:\/\/www.susanatorre.net\/es\/wp-json\/wp\/v2\/types\/page"}],"author":[{"embeddable":true,"href":"https:\/\/www.susanatorre.net\/es\/wp-json\/wp\/v2\/users\/1"}],"replies":[{"embeddable":true,"href":"https:\/\/www.susanatorre.net\/es\/wp-json\/wp\/v2\/comments?post=361"}],"version-history":[{"count":4,"href":"https:\/\/www.susanatorre.net\/es\/wp-json\/wp\/v2\/pages\/361\/revisions"}],"predecessor-version":[{"id":7272,"href":"https:\/\/www.susanatorre.net\/es\/wp-json\/wp\/v2\/pages\/361\/revisions\/7272"}],"up":[{"embeddable":true,"href":"https:\/\/www.susanatorre.net\/es\/wp-json\/wp\/v2\/pages\/72"}],"wp:attachment":[{"href":"https:\/\/www.susanatorre.net\/es\/wp-json\/wp\/v2\/media?parent=361"}],"curies":[{"name":"wp","href":"https:\/\/api.w.org\/{rel}","templated":true}]}}