{"id":359,"date":"2014-02-12T10:24:27","date_gmt":"2014-02-12T09:24:27","guid":{"rendered":"http:\/\/torre.emazing.nl\/?page_id=359"},"modified":"2014-02-26T12:19:42","modified_gmt":"2014-02-26T11:19:42","slug":"concurso-para-el-chicago-tribune-propuestas-tardias","status":"publish","type":"page","link":"https:\/\/www.susanatorre.net\/es\/arquitectura-y-diseno\/edificios-cuerpos\/concurso-para-el-chicago-tribune-propuestas-tardias\/","title":{"rendered":"Concurso para el Chicago Tribune: Propuestas Tard\u00edas"},"content":{"rendered":"<p><img loading=\"lazy\" decoding=\"async\" class=\"alignnone size-large wp-image-1142\" alt=\"slide-chicago-tribune\" src=\"\/wp-content\/uploads\/slide-chicago-tribune-525x399.jpg\" width=\"525\" height=\"399\" srcset=\"https:\/\/www.susanatorre.net\/wp-content\/uploads\/slide-chicago-tribune-525x399.jpg 525w, https:\/\/www.susanatorre.net\/wp-content\/uploads\/slide-chicago-tribune-253x192.jpg 253w, https:\/\/www.susanatorre.net\/wp-content\/uploads\/slide-chicago-tribune.jpg 1024w\" sizes=\"auto, (max-width: 525px) 100vw, 525px\" \/><\/p>\n<h2>Concurso para el Chicago Tribune: Propuestas Tard\u00edas\u00a0| 1980<\/h2>\n<p>Esta propuesta, que fue parte de una exposici\u00f3n llamada \u201cPropuestas Tard\u00edas para la Competici\u00f3n del <i>Chicago Tribune<\/i> de 1922\u201d, pretend\u00eda criticar el supuesto objetivo del comisario de la exposici\u00f3n: redefinir el dise\u00f1o del rascacielos en la era posmoderna. Cambios en la tecnolog\u00eda de producci\u00f3n y los m\u00e9todos de distribuci\u00f3n hicieron que los principales peri\u00f3dicos estadounidenses (como el <i>Chicago Tribune<\/i>) empezaran a recortar sus plantillas, maquinaria y por ende el espacio que ocupaban hacia fines de los 1970. En tal contexto, lo que se deber\u00eda haber cuestionado era si un rascacielos podr\u00eda ser la soluci\u00f3n adecuada para cambios tan contundentes. En el cat\u00e1logo expliqu\u00e9: \u201cPor esta raz\u00f3n yo propongo considerar como opci\u00f3n la base de la columna de [Adolf] Loos,\u201d la propuesta m\u00e1s ic\u00f3nica en 1922. Ser\u00eda un edificio \u201csin pretensiones, (\u2026) tal vez hasta contextual\u201d. Con \u00e1nimo de burla, la propuesta tambi\u00e9n transform\u00f3 el falo erecto del dise\u00f1o de Loos en un rabo (<i>penis<\/i>, en lat\u00edn).<\/p>\n","protected":false},"excerpt":{"rendered":"<p>Concurso para el Chicago Tribune: Propuestas Tard\u00edas\u00a0| 1980 Esta propuesta, que fue parte de una exposici\u00f3n llamada \u201cPropuestas Tard\u00edas para la Competici\u00f3n del Chicago Tribune de 1922\u201d, pretend\u00eda criticar el supuesto objetivo del comisario de la exposici\u00f3n: redefinir el dise\u00f1o del rascacielos en la era posmoderna. Cambios en la tecnolog\u00eda de producci\u00f3n y los m\u00e9todos [&hellip;]<\/p>\n","protected":false},"author":1,"featured_media":0,"parent":60,"menu_order":8,"comment_status":"closed","ping_status":"closed","template":"template-slideshow.php","meta":{"footnotes":""},"class_list":["post-359","page","type-page","status-publish","hentry"],"_links":{"self":[{"href":"https:\/\/www.susanatorre.net\/es\/wp-json\/wp\/v2\/pages\/359","targetHints":{"allow":["GET"]}}],"collection":[{"href":"https:\/\/www.susanatorre.net\/es\/wp-json\/wp\/v2\/pages"}],"about":[{"href":"https:\/\/www.susanatorre.net\/es\/wp-json\/wp\/v2\/types\/page"}],"author":[{"embeddable":true,"href":"https:\/\/www.susanatorre.net\/es\/wp-json\/wp\/v2\/users\/1"}],"replies":[{"embeddable":true,"href":"https:\/\/www.susanatorre.net\/es\/wp-json\/wp\/v2\/comments?post=359"}],"version-history":[{"count":5,"href":"https:\/\/www.susanatorre.net\/es\/wp-json\/wp\/v2\/pages\/359\/revisions"}],"predecessor-version":[{"id":1207,"href":"https:\/\/www.susanatorre.net\/es\/wp-json\/wp\/v2\/pages\/359\/revisions\/1207"}],"up":[{"embeddable":true,"href":"https:\/\/www.susanatorre.net\/es\/wp-json\/wp\/v2\/pages\/60"}],"wp:attachment":[{"href":"https:\/\/www.susanatorre.net\/es\/wp-json\/wp\/v2\/media?parent=359"}],"curies":[{"name":"wp","href":"https:\/\/api.w.org\/{rel}","templated":true}]}}