{"id":34,"date":"2014-01-27T14:52:32","date_gmt":"2014-01-27T13:52:32","guid":{"rendered":"http:\/\/torre.emazing.nl\/?page_id=34"},"modified":"2020-08-16T11:45:07","modified_gmt":"2020-08-16T10:45:07","slug":"pasantia","status":"publish","type":"page","link":"https:\/\/www.susanatorre.net\/es\/pasantia\/","title":{"rendered":"Pasant\u00eda"},"content":{"rendered":"<p>Se ofrece una pasant\u00eda\/pr\u00e1ctica profesional de un mes en la comunidad de Susana Torre en Carboneras. La\/el pasante trabajar\u00e1 en diversos proyectos, incluyendo investigaci\u00f3n, dibujo y edici\u00f3n de v\u00eddeo. La compensaci\u00f3n por seis horas de trabajo, de lunes a viernes, incluye hospedaje gratuito en un apartamento estudio con vista del Mediterr\u00e1neo en la comunidad de siete viviendas y piscina, y un estipendio para cubrir gastos b\u00e1sicos.<\/p>\n<p>Los requisitos incluyen excelentes destrezas de maquetaci\u00f3n y dibujo con Form Z, Rhinoceros u otro programa similar, y capacidades de edici\u00f3n de v\u00eddeo con iMovie, con ordenador y software propios.<\/p>\n<p>Carboneras est\u00e1 en la costa mediterr\u00e1nea de la provincia de Almer\u00eda, en Andaluc\u00eda, Espa\u00f1a. El pueblo est\u00e1 rodeado del Parque Natural Cabo de Gata. Sevilla, C\u00f3rdoba y Granada est\u00e1n a pocas horas de distancia en coche. Tambi\u00e9n existen buenas conexiones a\u00e9reas a Madrid, Barcelona, y otras ciudades espa\u00f1olas.<\/p>\n<p>Hay vuelos directos entre Nueva York y M\u00e1laga (a dos horas y media de Carboneras en coche). Tambi\u00e9n hay vuelos directos a Almer\u00eda desde Madrid o Londres.<\/p>\n<p>La fecha l\u00edmite para las solicitudes es el 1 de abril de cada a\u00f1o. Env\u00ede una carta de solicitud con curr\u00edculum y portafolio digital a <a href=\"mailto:intern@susanatorre.net\">intern@susanatorre.net<\/a><\/p>\n<p>ESTE PROGRAMA YA NO EST\u00c1 DISPONIBLE<\/p>\n<p><img loading=\"lazy\" decoding=\"async\" class=\"alignnone size-large wp-image-784\" src=\"\/wp-content\/uploads\/internship-525x151.jpg\" alt=\"Pasant\u00eda\" width=\"525\" height=\"151\" srcset=\"https:\/\/www.susanatorre.net\/wp-content\/uploads\/internship-525x151.jpg 525w, https:\/\/www.susanatorre.net\/wp-content\/uploads\/internship-253x72.jpg 253w, https:\/\/www.susanatorre.net\/wp-content\/uploads\/internship.jpg 1000w\" sizes=\"auto, (max-width: 525px) 100vw, 525px\" \/><\/p>\n","protected":false},"excerpt":{"rendered":"<p>Se ofrece una pasant\u00eda\/pr\u00e1ctica profesional de un mes en la comunidad de Susana Torre en Carboneras. La\/el pasante trabajar\u00e1 en diversos proyectos, incluyendo investigaci\u00f3n, dibujo y edici\u00f3n de v\u00eddeo. La compensaci\u00f3n por seis horas de trabajo, de lunes a viernes, incluye hospedaje gratuito en un apartamento estudio con vista del Mediterr\u00e1neo en la comunidad de [&hellip;]<\/p>\n","protected":false},"author":1,"featured_media":0,"parent":0,"menu_order":7,"comment_status":"closed","ping_status":"closed","template":"","meta":{"footnotes":""},"class_list":["post-34","page","type-page","status-publish","hentry"],"_links":{"self":[{"href":"https:\/\/www.susanatorre.net\/es\/wp-json\/wp\/v2\/pages\/34","targetHints":{"allow":["GET"]}}],"collection":[{"href":"https:\/\/www.susanatorre.net\/es\/wp-json\/wp\/v2\/pages"}],"about":[{"href":"https:\/\/www.susanatorre.net\/es\/wp-json\/wp\/v2\/types\/page"}],"author":[{"embeddable":true,"href":"https:\/\/www.susanatorre.net\/es\/wp-json\/wp\/v2\/users\/1"}],"replies":[{"embeddable":true,"href":"https:\/\/www.susanatorre.net\/es\/wp-json\/wp\/v2\/comments?post=34"}],"version-history":[{"count":8,"href":"https:\/\/www.susanatorre.net\/es\/wp-json\/wp\/v2\/pages\/34\/revisions"}],"predecessor-version":[{"id":7307,"href":"https:\/\/www.susanatorre.net\/es\/wp-json\/wp\/v2\/pages\/34\/revisions\/7307"}],"wp:attachment":[{"href":"https:\/\/www.susanatorre.net\/es\/wp-json\/wp\/v2\/media?parent=34"}],"curies":[{"name":"wp","href":"https:\/\/api.w.org\/{rel}","templated":true}]}}