{"id":291,"date":"2014-02-12T10:30:18","date_gmt":"2014-02-12T09:30:18","guid":{"rendered":"http:\/\/torre.emazing.nl\/?page_id=291"},"modified":"2016-12-21T12:51:12","modified_gmt":"2016-12-21T11:51:12","slug":"despacho-de-abogados","status":"publish","type":"page","link":"https:\/\/www.susanatorre.net\/es\/arquitectura-y-diseno\/matrices-de-sitios-y-dibujos-de-construccion\/despacho-de-abogados\/","title":{"rendered":"Despacho de Abogados"},"content":{"rendered":"<style type=\"text\/css\">.easingslider-7202 { max-width: 525px; }.easingslider-7202 .easingslider-image { max-height: 400px; max-width: 525px; }.easingslider-7202 .easingslider-fade-in, .easingslider-fade-out { -webkit-animation-duration: 500ms; -moz-animation-duration: 500ms; animation-duration: 500ms; }<\/style><script type=\"text\/javascript\">window.EasingSlider7202 = {\"width\":525,\"height\":400,\"singleItem\":true,\"items\":1,\"itemsDesktop\":false,\"itemsDesktopSmall\":false,\"itemsTablet\":false,\"itemsTabletSmall\":false,\"itemsMobile\":false,\"responsive\":true,\"lazyLoad\":true,\"autoPlay\":4000,\"slideSpeed\":500,\"navigation\":true,\"navigationText\":[\"\",\"\"],\"pagination\":true,\"autoHeight\":false,\"mouseDrag\":false,\"touchDrag\":false,\"addClassActive\":true,\"transitionStyle\":false};<\/script><div data-id=\"7202\" class=\"easingslider easingslider-7202 easingslider-container easingslider-resizing-enabled easingslider-aspect-ratio easingslider-arrows-outside easingslider-pagination-hover easingslider-pagination-inside easingslider-pagination-bottom-center\"><div class=\"easingslider-slide\"><img decoding=\"async\" src=\"https:\/\/www.susanatorre.net\/wp-content\/plugins\/emazing-easing-slider\/assets\/images\/placeholder-pixel.png\" data-src=\"http:\/\/www.susanatorre.net\/wp-content\/uploads\/slide-law-office-1.jpg\" alt=\"\" title=\"slide-law-office-1\" class=\"easingslider-image easingslider-lazy\" \/><\/div><div class=\"easingslider-slide\"><img decoding=\"async\" src=\"https:\/\/www.susanatorre.net\/wp-content\/plugins\/emazing-easing-slider\/assets\/images\/placeholder-pixel.png\" data-src=\"http:\/\/www.susanatorre.net\/wp-content\/uploads\/slide-law-office-11a.jpg\" alt=\"\" title=\"slide-law-office-11a\" class=\"easingslider-image easingslider-lazy\" \/><\/div><div class=\"easingslider-slide\"><img decoding=\"async\" src=\"https:\/\/www.susanatorre.net\/wp-content\/plugins\/emazing-easing-slider\/assets\/images\/placeholder-pixel.png\" data-src=\"http:\/\/www.susanatorre.net\/wp-content\/uploads\/slide-law-office-11b.jpg\" alt=\"\" title=\"slide-law-office-11b\" class=\"easingslider-image easingslider-lazy\" \/><\/div><div class=\"easingslider-slide\"><img decoding=\"async\" src=\"https:\/\/www.susanatorre.net\/wp-content\/plugins\/emazing-easing-slider\/assets\/images\/placeholder-pixel.png\" data-src=\"http:\/\/www.susanatorre.net\/wp-content\/uploads\/slide-law-office-2.jpg\" alt=\"\" title=\"slide-law-office-2\" class=\"easingslider-image easingslider-lazy\" \/><\/div><div class=\"easingslider-slide\"><img decoding=\"async\" src=\"https:\/\/www.susanatorre.net\/wp-content\/plugins\/emazing-easing-slider\/assets\/images\/placeholder-pixel.png\" data-src=\"http:\/\/www.susanatorre.net\/wp-content\/uploads\/slide-law-office-3.jpg\" alt=\"\" title=\"slide-law-office-3\" class=\"easingslider-image easingslider-lazy\" \/><\/div><div class=\"easingslider-slide\"><img decoding=\"async\" src=\"https:\/\/www.susanatorre.net\/wp-content\/plugins\/emazing-easing-slider\/assets\/images\/placeholder-pixel.png\" data-src=\"http:\/\/www.susanatorre.net\/wp-content\/uploads\/slide-law-office-4.jpg\" alt=\"\" title=\"slide-law-office-4\" class=\"easingslider-image easingslider-lazy\" \/><\/div><div class=\"easingslider-slide\"><img decoding=\"async\" src=\"https:\/\/www.susanatorre.net\/wp-content\/plugins\/emazing-easing-slider\/assets\/images\/placeholder-pixel.png\" data-src=\"http:\/\/www.susanatorre.net\/wp-content\/uploads\/slide-law-office-5.jpg\" alt=\"\" title=\"slide-law-office-5\" class=\"easingslider-image easingslider-lazy\" \/><\/div><div class=\"easingslider-slide\"><img decoding=\"async\" src=\"https:\/\/www.susanatorre.net\/wp-content\/plugins\/emazing-easing-slider\/assets\/images\/placeholder-pixel.png\" data-src=\"http:\/\/www.susanatorre.net\/wp-content\/uploads\/slide-law-office-6.jpg\" alt=\"\" title=\"slide-law-office-6\" class=\"easingslider-image easingslider-lazy\" \/><\/div><div class=\"easingslider-slide\"><img decoding=\"async\" src=\"https:\/\/www.susanatorre.net\/wp-content\/plugins\/emazing-easing-slider\/assets\/images\/placeholder-pixel.png\" data-src=\"http:\/\/www.susanatorre.net\/wp-content\/uploads\/slide-law-office-7.jpg\" alt=\"\" title=\"slide-law-office-7\" class=\"easingslider-image easingslider-lazy\" \/><\/div><div class=\"easingslider-slide\"><img decoding=\"async\" src=\"https:\/\/www.susanatorre.net\/wp-content\/plugins\/emazing-easing-slider\/assets\/images\/placeholder-pixel.png\" data-src=\"http:\/\/www.susanatorre.net\/wp-content\/uploads\/slide-law-office-8.jpg\" alt=\"\" title=\"slide-law-office-8\" class=\"easingslider-image easingslider-lazy\" \/><\/div><div class=\"easingslider-slide\"><img decoding=\"async\" src=\"https:\/\/www.susanatorre.net\/wp-content\/plugins\/emazing-easing-slider\/assets\/images\/placeholder-pixel.png\" data-src=\"http:\/\/www.susanatorre.net\/wp-content\/uploads\/slide-law-office-9.jpg\" alt=\"\" title=\"slide-law-office-9\" class=\"easingslider-image easingslider-lazy\" \/><\/div><div class=\"easingslider-slide\"><img decoding=\"async\" src=\"https:\/\/www.susanatorre.net\/wp-content\/plugins\/emazing-easing-slider\/assets\/images\/placeholder-pixel.png\" data-src=\"http:\/\/www.susanatorre.net\/wp-content\/uploads\/slide-law-office-10.jpg\" alt=\"\" title=\"slide-law-office-10\" class=\"easingslider-image easingslider-lazy\" \/><\/div><\/div>\n<h2>Despacho de Abogados | 1975-1976<\/h2>\n<h3>Ciudad de Nueva York<\/h3>\n<p>Los espacios vac\u00edos en los edificios especulativos para oficinas var\u00edan muy poco, salvo que el muro de cerramiento en los m\u00e1s antiguos, como este que data de los 1940, ser\u00eda t\u00edpicamente de ladrillo visto en lugar de vidrio, y la distancia entre columnas es menor \u2014 mientras m\u00e1s grande esa distancia, m\u00e1s flexible es el espacio, permitiendo la creaci\u00f3n de mundos interiores totalmente autorreferentes. El dise\u00f1o de este bufete refleja la decisi\u00f3n de potenciar la matriz estructural, el elemento m\u00e1s distintivo del sitio \u2014 a\u00fan en el suelo. Como contraste, el cielo raso define el espacio de circulaci\u00f3n, y los pocos tabiques que salen de la matriz se \u201cdesmaterializan\u201d mediante el color o el material (ladrillo de vidrio) o se destacan como desplazamientos de la matriz. Ciertos elementos arquitect\u00f3nicos establecen un di\u00e1logo est\u00e9tico con la colecci\u00f3n de arte que alberga el despacho: una secci\u00f3n de la fachada exterior del edificio surrealmente aparece en el interior, flanqueada por pinturas que representan el cielo; un panel negro trae a la memoria la puerta de Marcel Duchamp que puede cerrar dos espacios diferentes (uno por vez); una especie de \u201cperiscopio\u201d conformado por espejos colocados en las esquinas del corredor que circunda la sala de conferencias permite que el visitante descubra una obra de Duane Hanson, y que vea el espacio que est\u00e1 a su espalda, como en la pintura de Magritte \u201cLa reproduction interdite\u201d.<\/p>\n","protected":false},"excerpt":{"rendered":"<p>Despacho de Abogados | 1975-1976 Ciudad de Nueva York Los espacios vac\u00edos en los edificios especulativos para oficinas var\u00edan muy poco, salvo que el muro de cerramiento en los m\u00e1s antiguos, como este que data de los 1940, ser\u00eda t\u00edpicamente de ladrillo visto en lugar de vidrio, y la distancia entre columnas es menor \u2014 [&hellip;]<\/p>\n","protected":false},"author":1,"featured_media":0,"parent":66,"menu_order":0,"comment_status":"closed","ping_status":"closed","template":"template-slideshow.php","meta":{"footnotes":""},"class_list":["post-291","page","type-page","status-publish","hentry"],"_links":{"self":[{"href":"https:\/\/www.susanatorre.net\/es\/wp-json\/wp\/v2\/pages\/291","targetHints":{"allow":["GET"]}}],"collection":[{"href":"https:\/\/www.susanatorre.net\/es\/wp-json\/wp\/v2\/pages"}],"about":[{"href":"https:\/\/www.susanatorre.net\/es\/wp-json\/wp\/v2\/types\/page"}],"author":[{"embeddable":true,"href":"https:\/\/www.susanatorre.net\/es\/wp-json\/wp\/v2\/users\/1"}],"replies":[{"embeddable":true,"href":"https:\/\/www.susanatorre.net\/es\/wp-json\/wp\/v2\/comments?post=291"}],"version-history":[{"count":4,"href":"https:\/\/www.susanatorre.net\/es\/wp-json\/wp\/v2\/pages\/291\/revisions"}],"predecessor-version":[{"id":7268,"href":"https:\/\/www.susanatorre.net\/es\/wp-json\/wp\/v2\/pages\/291\/revisions\/7268"}],"up":[{"embeddable":true,"href":"https:\/\/www.susanatorre.net\/es\/wp-json\/wp\/v2\/pages\/66"}],"wp:attachment":[{"href":"https:\/\/www.susanatorre.net\/es\/wp-json\/wp\/v2\/media?parent=291"}],"curies":[{"name":"wp","href":"https:\/\/api.w.org\/{rel}","templated":true}]}}