{"id":277,"date":"2014-02-12T10:23:35","date_gmt":"2014-02-12T09:23:35","guid":{"rendered":"http:\/\/torre.emazing.nl\/?page_id=277"},"modified":"2016-12-21T12:50:22","modified_gmt":"2016-12-21T11:50:22","slug":"el-museo-de-las-mujeres","status":"publish","type":"page","link":"https:\/\/www.susanatorre.net\/es\/arquitectura-y-diseno\/edificios-cuerpos\/el-museo-de-las-mujeres\/","title":{"rendered":"El Museo de las Mujeres"},"content":{"rendered":"<style type=\"text\/css\">.easingslider-7212 { max-width: 525px; }.easingslider-7212 .easingslider-image { max-height: 400px; max-width: 525px; }.easingslider-7212 .easingslider-fade-in, .easingslider-fade-out { -webkit-animation-duration: 500ms; -moz-animation-duration: 500ms; animation-duration: 500ms; }<\/style><script type=\"text\/javascript\">window.EasingSlider7212 = {\"width\":525,\"height\":400,\"singleItem\":true,\"items\":1,\"itemsDesktop\":false,\"itemsDesktopSmall\":false,\"itemsTablet\":false,\"itemsTabletSmall\":false,\"itemsMobile\":false,\"responsive\":true,\"lazyLoad\":true,\"autoPlay\":4000,\"slideSpeed\":500,\"navigation\":true,\"navigationText\":[\"\",\"\"],\"pagination\":true,\"autoHeight\":false,\"mouseDrag\":false,\"touchDrag\":false,\"addClassActive\":true,\"transitionStyle\":false};<\/script><div data-id=\"7212\" class=\"easingslider easingslider-7212 easingslider-container easingslider-resizing-enabled easingslider-aspect-ratio easingslider-arrows-outside easingslider-pagination-hover easingslider-pagination-inside easingslider-pagination-bottom-center\"><div class=\"easingslider-slide\"><img decoding=\"async\" src=\"https:\/\/www.susanatorre.net\/wp-content\/plugins\/emazing-easing-slider\/assets\/images\/placeholder-pixel.png\" data-src=\"http:\/\/www.susanatorre.net\/wp-content\/uploads\/slide-museum-of-women-1.jpg\" alt=\"\" title=\"slide-museum-of-women-1\" class=\"easingslider-image easingslider-lazy\" \/><\/div><div class=\"easingslider-slide\"><img decoding=\"async\" src=\"https:\/\/www.susanatorre.net\/wp-content\/plugins\/emazing-easing-slider\/assets\/images\/placeholder-pixel.png\" data-src=\"http:\/\/www.susanatorre.net\/wp-content\/uploads\/slide-museum-of-women-2.jpg\" alt=\"\" title=\"slide-museum-of-women-2\" class=\"easingslider-image easingslider-lazy\" \/><\/div><div class=\"easingslider-slide\"><img decoding=\"async\" src=\"https:\/\/www.susanatorre.net\/wp-content\/plugins\/emazing-easing-slider\/assets\/images\/placeholder-pixel.png\" data-src=\"http:\/\/www.susanatorre.net\/wp-content\/uploads\/slide-museum-of-women-3.jpg\" alt=\"\" title=\"slide-museum-of-women-3\" class=\"easingslider-image easingslider-lazy\" \/><\/div><div class=\"easingslider-slide\"><img decoding=\"async\" src=\"https:\/\/www.susanatorre.net\/wp-content\/plugins\/emazing-easing-slider\/assets\/images\/placeholder-pixel.png\" data-src=\"http:\/\/www.susanatorre.net\/wp-content\/uploads\/slide-museum-of-women-4.jpg\" alt=\"\" title=\"slide-museum-of-women-4\" class=\"easingslider-image easingslider-lazy\" \/><\/div><div class=\"easingslider-slide\"><img decoding=\"async\" src=\"https:\/\/www.susanatorre.net\/wp-content\/plugins\/emazing-easing-slider\/assets\/images\/placeholder-pixel.png\" data-src=\"http:\/\/www.susanatorre.net\/wp-content\/uploads\/slide-museum-of-women-5.jpg\" alt=\"\" title=\"slide-museum-of-women-5\" class=\"easingslider-image easingslider-lazy\" \/><\/div><\/div>\n<h2>El Museo de las Mujeres\u00a0| 2000<\/h2>\n<h3>Battery Park City, Ciudad de Nueva York<\/h3>\n<p>Un concurso por invitaci\u00f3n para un Museo de las Mujeres brind\u00f3 la oportunidad para experimentar con la creaci\u00f3n de espacios no dise\u00f1ados <i>para<\/i> <i>el cuerpo humano <\/i>sino <i>generados por \u00e9l mismo<\/i> a partir del movimiento. Estos espacios, destinados a galer\u00edas, fueron producidos por una coreograf\u00eda circular, documentada mediante dispositivos para captar el movimiento y fijada en sucesivos momentos de intersecci\u00f3n con un tejido virtual. El experimento muestra las posibilidades sin considerar las cuestiones constructivas. Tejidos el\u00e1sticos en dos sentidos y de diferentes grosores y porosidades se contemplaban como materiales primarios. Los planes para el Museo se abandonaron despu\u00e9s del 11 de septiembre de 2001.<\/p>\n","protected":false},"excerpt":{"rendered":"<p>El Museo de las Mujeres\u00a0| 2000 Battery Park City, Ciudad de Nueva York Un concurso por invitaci\u00f3n para un Museo de las Mujeres brind\u00f3 la oportunidad para experimentar con la creaci\u00f3n de espacios no dise\u00f1ados para el cuerpo humano sino generados por \u00e9l mismo a partir del movimiento. Estos espacios, destinados a galer\u00edas, fueron producidos [&hellip;]<\/p>\n","protected":false},"author":1,"featured_media":0,"parent":60,"menu_order":6,"comment_status":"closed","ping_status":"closed","template":"template-slideshow.php","meta":{"footnotes":""},"class_list":["post-277","page","type-page","status-publish","hentry"],"_links":{"self":[{"href":"https:\/\/www.susanatorre.net\/es\/wp-json\/wp\/v2\/pages\/277","targetHints":{"allow":["GET"]}}],"collection":[{"href":"https:\/\/www.susanatorre.net\/es\/wp-json\/wp\/v2\/pages"}],"about":[{"href":"https:\/\/www.susanatorre.net\/es\/wp-json\/wp\/v2\/types\/page"}],"author":[{"embeddable":true,"href":"https:\/\/www.susanatorre.net\/es\/wp-json\/wp\/v2\/users\/1"}],"replies":[{"embeddable":true,"href":"https:\/\/www.susanatorre.net\/es\/wp-json\/wp\/v2\/comments?post=277"}],"version-history":[{"count":5,"href":"https:\/\/www.susanatorre.net\/es\/wp-json\/wp\/v2\/pages\/277\/revisions"}],"predecessor-version":[{"id":7266,"href":"https:\/\/www.susanatorre.net\/es\/wp-json\/wp\/v2\/pages\/277\/revisions\/7266"}],"up":[{"embeddable":true,"href":"https:\/\/www.susanatorre.net\/es\/wp-json\/wp\/v2\/pages\/60"}],"wp:attachment":[{"href":"https:\/\/www.susanatorre.net\/es\/wp-json\/wp\/v2\/media?parent=277"}],"curies":[{"name":"wp","href":"https:\/\/api.w.org\/{rel}","templated":true}]}}