{"id":274,"date":"2014-02-12T10:22:45","date_gmt":"2014-02-12T09:22:45","guid":{"rendered":"http:\/\/torre.emazing.nl\/?page_id=274"},"modified":"2016-12-21T12:49:42","modified_gmt":"2016-12-21T11:49:42","slug":"couchair","status":"publish","type":"page","link":"https:\/\/www.susanatorre.net\/es\/arquitectura-y-diseno\/edificios-cuerpos\/couchair\/","title":{"rendered":"Couchair"},"content":{"rendered":"<style type=\"text\/css\">.easingslider-7211 { max-width: 525px; }.easingslider-7211 .easingslider-image { max-height: 400px; max-width: 525px; }.easingslider-7211 .easingslider-fade-in, .easingslider-fade-out { -webkit-animation-duration: 500ms; -moz-animation-duration: 500ms; animation-duration: 500ms; }<\/style><script type=\"text\/javascript\">window.EasingSlider7211 = {\"width\":525,\"height\":400,\"singleItem\":true,\"items\":1,\"itemsDesktop\":false,\"itemsDesktopSmall\":false,\"itemsTablet\":false,\"itemsTabletSmall\":false,\"itemsMobile\":false,\"responsive\":true,\"lazyLoad\":true,\"autoPlay\":4000,\"slideSpeed\":500,\"navigation\":true,\"navigationText\":[\"\",\"\"],\"pagination\":true,\"autoHeight\":false,\"mouseDrag\":false,\"touchDrag\":false,\"addClassActive\":true,\"transitionStyle\":false};<\/script><div data-id=\"7211\" class=\"easingslider easingslider-7211 easingslider-container easingslider-resizing-enabled easingslider-aspect-ratio easingslider-arrows-outside easingslider-pagination-hover easingslider-pagination-inside easingslider-pagination-bottom-center\"><div class=\"easingslider-slide\"><img decoding=\"async\" src=\"https:\/\/www.susanatorre.net\/wp-content\/plugins\/emazing-easing-slider\/assets\/images\/placeholder-pixel.png\" data-src=\"http:\/\/www.susanatorre.net\/wp-content\/uploads\/slide-couchair-1.jpg\" alt=\"\" title=\"slide-couchair-1\" class=\"easingslider-image easingslider-lazy\" \/><\/div><div class=\"easingslider-slide\"><img decoding=\"async\" src=\"https:\/\/www.susanatorre.net\/wp-content\/plugins\/emazing-easing-slider\/assets\/images\/placeholder-pixel.png\" data-src=\"http:\/\/www.susanatorre.net\/wp-content\/uploads\/slide-couchair-2.jpg\" alt=\"\" title=\"slide-couchair-2\" class=\"easingslider-image easingslider-lazy\" \/><\/div><div class=\"easingslider-slide\"><img decoding=\"async\" src=\"https:\/\/www.susanatorre.net\/wp-content\/plugins\/emazing-easing-slider\/assets\/images\/placeholder-pixel.png\" data-src=\"http:\/\/www.susanatorre.net\/wp-content\/uploads\/slide-couchair-3.jpg\" alt=\"\" title=\"slide-couchair-3\" class=\"easingslider-image easingslider-lazy\" \/><\/div><div class=\"easingslider-slide\"><img decoding=\"async\" src=\"https:\/\/www.susanatorre.net\/wp-content\/plugins\/emazing-easing-slider\/assets\/images\/placeholder-pixel.png\" data-src=\"http:\/\/www.susanatorre.net\/wp-content\/uploads\/slide-couchair-4.jpg\" alt=\"\" title=\"slide-couchair-4\" class=\"easingslider-image easingslider-lazy\" \/><\/div><div class=\"easingslider-slide\"><img decoding=\"async\" src=\"https:\/\/www.susanatorre.net\/wp-content\/plugins\/emazing-easing-slider\/assets\/images\/placeholder-pixel.png\" data-src=\"http:\/\/www.susanatorre.net\/wp-content\/uploads\/slide-couchair-5.jpg\" alt=\"\" title=\"slide-couchair-5\" class=\"easingslider-image easingslider-lazy\" \/><\/div><div class=\"easingslider-slide\"><img decoding=\"async\" src=\"https:\/\/www.susanatorre.net\/wp-content\/plugins\/emazing-easing-slider\/assets\/images\/placeholder-pixel.png\" data-src=\"http:\/\/www.susanatorre.net\/wp-content\/uploads\/slide-couchair-6.jpg\" alt=\"\" title=\"slide-couchair-6\" class=\"easingslider-image easingslider-lazy\" \/><\/div><\/div>\n<h2>Couchair | 1989<\/h2>\n<p>Un anuncio del banco J. P. Morgan en 1988 mostraba un cliente rico, hombre, sentado al lado de una atenta bancaria, mujer, con un coj\u00edn separando los cuerpos. Esta barrera decorosa, puesta para evitar una proximidad demasiado \u00edntima, ilustra algo de la incomodidad que acompa\u00f1\u00f3 la llegada de las mujeres a puestos directivos. \u201cCouchair\u201d (Sof\u00e1-Silla) y \u201cCouchtable\u201d (Sof\u00e1-Mesa) son muebles h\u00edbridos que permiten que cada usuario ocupe su espacio personal (como en una silla) mientras pueden sentarse lado a lado para consultar documentos. Los muebles fueron pensados para las dimensiones t\u00edpicas de las oficinas contempor\u00e1neas de 1,5 x 1,5 metros, demasiado estrechas para trabajar alrededor de una mesa. Este proyecto fue parte de una serie no realizada de \u201cAsientos Blandos\u201d desarrollada por Herman Miller.<\/p>\n","protected":false},"excerpt":{"rendered":"<p>Couchair | 1989 Un anuncio del banco J. P. Morgan en 1988 mostraba un cliente rico, hombre, sentado al lado de una atenta bancaria, mujer, con un coj\u00edn separando los cuerpos. Esta barrera decorosa, puesta para evitar una proximidad demasiado \u00edntima, ilustra algo de la incomodidad que acompa\u00f1\u00f3 la llegada de las mujeres a puestos [&hellip;]<\/p>\n","protected":false},"author":1,"featured_media":0,"parent":60,"menu_order":4,"comment_status":"closed","ping_status":"closed","template":"template-slideshow.php","meta":{"footnotes":""},"class_list":["post-274","page","type-page","status-publish","hentry"],"_links":{"self":[{"href":"https:\/\/www.susanatorre.net\/es\/wp-json\/wp\/v2\/pages\/274","targetHints":{"allow":["GET"]}}],"collection":[{"href":"https:\/\/www.susanatorre.net\/es\/wp-json\/wp\/v2\/pages"}],"about":[{"href":"https:\/\/www.susanatorre.net\/es\/wp-json\/wp\/v2\/types\/page"}],"author":[{"embeddable":true,"href":"https:\/\/www.susanatorre.net\/es\/wp-json\/wp\/v2\/users\/1"}],"replies":[{"embeddable":true,"href":"https:\/\/www.susanatorre.net\/es\/wp-json\/wp\/v2\/comments?post=274"}],"version-history":[{"count":4,"href":"https:\/\/www.susanatorre.net\/es\/wp-json\/wp\/v2\/pages\/274\/revisions"}],"predecessor-version":[{"id":7264,"href":"https:\/\/www.susanatorre.net\/es\/wp-json\/wp\/v2\/pages\/274\/revisions\/7264"}],"up":[{"embeddable":true,"href":"https:\/\/www.susanatorre.net\/es\/wp-json\/wp\/v2\/pages\/60"}],"wp:attachment":[{"href":"https:\/\/www.susanatorre.net\/es\/wp-json\/wp\/v2\/media?parent=274"}],"curies":[{"name":"wp","href":"https:\/\/api.w.org\/{rel}","templated":true}]}}