{"id":268,"date":"2014-02-12T10:20:18","date_gmt":"2014-02-12T09:20:18","guid":{"rendered":"http:\/\/torre.emazing.nl\/?page_id=268"},"modified":"2016-12-21T12:48:33","modified_gmt":"2016-12-21T11:48:33","slug":"una-casita-pequena","status":"publish","type":"page","link":"https:\/\/www.susanatorre.net\/es\/arquitectura-y-diseno\/edificios-cuerpos\/una-casita-pequena\/","title":{"rendered":"Una casita peque\u00f1a"},"content":{"rendered":"<style type=\"text\/css\">.easingslider-7209 { max-width: 525px; }.easingslider-7209 .easingslider-image { max-height: 400px; max-width: 525px; }.easingslider-7209 .easingslider-fade-in, .easingslider-fade-out { -webkit-animation-duration: 500ms; -moz-animation-duration: 500ms; animation-duration: 500ms; }<\/style><script type=\"text\/javascript\">window.EasingSlider7209 = {\"width\":525,\"height\":400,\"singleItem\":true,\"items\":1,\"itemsDesktop\":false,\"itemsDesktopSmall\":false,\"itemsTablet\":false,\"itemsTabletSmall\":false,\"itemsMobile\":false,\"responsive\":true,\"lazyLoad\":true,\"autoPlay\":4000,\"slideSpeed\":500,\"navigation\":true,\"navigationText\":[\"\",\"\"],\"pagination\":true,\"autoHeight\":false,\"mouseDrag\":false,\"touchDrag\":false,\"addClassActive\":true,\"transitionStyle\":false};<\/script><div data-id=\"7209\" class=\"easingslider easingslider-7209 easingslider-container easingslider-resizing-enabled easingslider-aspect-ratio easingslider-arrows-outside easingslider-pagination-hover easingslider-pagination-inside easingslider-pagination-bottom-center\"><div class=\"easingslider-slide\"><img decoding=\"async\" src=\"https:\/\/www.susanatorre.net\/wp-content\/plugins\/emazing-easing-slider\/assets\/images\/placeholder-pixel.png\" data-src=\"http:\/\/www.susanatorre.net\/wp-content\/uploads\/slide-little-house-1.jpg\" alt=\"\" title=\"slide-little-house-1\" class=\"easingslider-image easingslider-lazy\" \/><\/div><div class=\"easingslider-slide\"><img decoding=\"async\" src=\"https:\/\/www.susanatorre.net\/wp-content\/plugins\/emazing-easing-slider\/assets\/images\/placeholder-pixel.png\" data-src=\"http:\/\/www.susanatorre.net\/wp-content\/uploads\/slide-little-house-2.jpg\" alt=\"\" title=\"slide-little-house-2\" class=\"easingslider-image easingslider-lazy\" \/><\/div><div class=\"easingslider-slide\"><img decoding=\"async\" src=\"https:\/\/www.susanatorre.net\/wp-content\/plugins\/emazing-easing-slider\/assets\/images\/placeholder-pixel.png\" data-src=\"http:\/\/www.susanatorre.net\/wp-content\/uploads\/slide-little-house-3.jpg\" alt=\"\" title=\"slide-little-house-3\" class=\"easingslider-image easingslider-lazy\" \/><\/div><div class=\"easingslider-slide\"><img decoding=\"async\" src=\"https:\/\/www.susanatorre.net\/wp-content\/plugins\/emazing-easing-slider\/assets\/images\/placeholder-pixel.png\" data-src=\"http:\/\/www.susanatorre.net\/wp-content\/uploads\/slide-little-house-4.jpg\" alt=\"\" title=\"slide-little-house-4\" class=\"easingslider-image easingslider-lazy\" \/><\/div><div class=\"easingslider-slide\"><img decoding=\"async\" src=\"https:\/\/www.susanatorre.net\/wp-content\/plugins\/emazing-easing-slider\/assets\/images\/placeholder-pixel.png\" data-src=\"http:\/\/www.susanatorre.net\/wp-content\/uploads\/slide-little-house-5.jpg\" alt=\"\" title=\"slide-little-house-5\" class=\"easingslider-image easingslider-lazy\" \/><\/div><div class=\"easingslider-slide\"><img decoding=\"async\" src=\"https:\/\/www.susanatorre.net\/wp-content\/plugins\/emazing-easing-slider\/assets\/images\/placeholder-pixel.png\" data-src=\"http:\/\/www.susanatorre.net\/wp-content\/uploads\/slide-little-house-6.jpg\" alt=\"\" title=\"slide-little-house-6\" class=\"easingslider-image easingslider-lazy\" \/><\/div><div class=\"easingslider-slide\"><img decoding=\"async\" src=\"https:\/\/www.susanatorre.net\/wp-content\/plugins\/emazing-easing-slider\/assets\/images\/placeholder-pixel.png\" data-src=\"http:\/\/www.susanatorre.net\/wp-content\/uploads\/slide-little-house-7.jpg\" alt=\"\" title=\"slide-little-house-7\" class=\"easingslider-image easingslider-lazy\" \/><\/div><div class=\"easingslider-slide\"><img decoding=\"async\" src=\"https:\/\/www.susanatorre.net\/wp-content\/plugins\/emazing-easing-slider\/assets\/images\/placeholder-pixel.png\" data-src=\"http:\/\/www.susanatorre.net\/wp-content\/uploads\/slide-little-house-8.jpg\" alt=\"\" title=\"slide-little-house-8\" class=\"easingslider-image easingslider-lazy\" \/><\/div><div class=\"easingslider-slide\"><img decoding=\"async\" src=\"https:\/\/www.susanatorre.net\/wp-content\/plugins\/emazing-easing-slider\/assets\/images\/placeholder-pixel.png\" data-src=\"http:\/\/www.susanatorre.net\/wp-content\/uploads\/slide-little-house-9.jpg\" alt=\"\" title=\"slide-little-house-9\" class=\"easingslider-image easingslider-lazy\" \/><\/div><div class=\"easingslider-slide\"><img decoding=\"async\" src=\"https:\/\/www.susanatorre.net\/wp-content\/plugins\/emazing-easing-slider\/assets\/images\/placeholder-pixel.png\" data-src=\"http:\/\/www.susanatorre.net\/wp-content\/uploads\/slide-little-house-10.jpg\" alt=\"\" title=\"slide-little-house-10\" class=\"easingslider-image easingslider-lazy\" \/><\/div><div class=\"easingslider-slide\"><img decoding=\"async\" src=\"https:\/\/www.susanatorre.net\/wp-content\/plugins\/emazing-easing-slider\/assets\/images\/placeholder-pixel.png\" data-src=\"http:\/\/www.susanatorre.net\/wp-content\/uploads\/slide-little-house-11.jpg\" alt=\"\" title=\"slide-little-house-11\" class=\"easingslider-image easingslider-lazy\" \/><\/div><div class=\"easingslider-slide\"><img decoding=\"async\" src=\"https:\/\/www.susanatorre.net\/wp-content\/plugins\/emazing-easing-slider\/assets\/images\/placeholder-pixel.png\" data-src=\"http:\/\/www.susanatorre.net\/wp-content\/uploads\/slide-little-house-12.jpg\" alt=\"\" title=\"slide-little-house-12\" class=\"easingslider-image easingslider-lazy\" \/><\/div><\/div>\n<h2>Una casita peque\u00f1a\u00a0| 1981-1982<\/h2>\n<h3>Southampton, Long Island, Nueva York<\/h3>\n<p>Dentro de cada casa hay un lugar, una \u201ccasita\u201d imaginaria, donde se prepara la comida \u2014 el hogar o \u201ccoraz\u00f3n\u201d de la vida familiar. Tradicionalmente el lugar donde las mujeres pod\u00edan sentirse aprisionadas, como pint\u00f3 y dibuj\u00f3 Louise Bourgeois en su serie \u201cMujerCasa\u201d, la arquitectura moderna transform\u00f3 este lugar en un laboratorio purgado de se\u00f1ales de domesticidad; sin embargo, podr\u00eda llegar a ser la escuela de todos los miembros de la familia para aprender a compartir la responsabilidad por su alimentaci\u00f3n. En esta casa para carruajes del siglo XIX, trasportada a un nuevo sitio y transformada en una estructura moderna, la \u201ccasita\u201d se hace expl\u00edcita, transformando el interior en un \u201cexterior\u201d, refugio de las inquietudes cotidianas. El viaje de la antigua casa para carruajes se registra en el rastro de su paso por el nuevo sitio formado por flores de mostaza\u2014 como el camino de ladrillos amarillos de <i>El mago de Oz<\/i>.<\/p>\n","protected":false},"excerpt":{"rendered":"<p>Una casita peque\u00f1a\u00a0| 1981-1982 Southampton, Long Island, Nueva York Dentro de cada casa hay un lugar, una \u201ccasita\u201d imaginaria, donde se prepara la comida \u2014 el hogar o \u201ccoraz\u00f3n\u201d de la vida familiar. Tradicionalmente el lugar donde las mujeres pod\u00edan sentirse aprisionadas, como pint\u00f3 y dibuj\u00f3 Louise Bourgeois en su serie \u201cMujerCasa\u201d, la arquitectura moderna [&hellip;]<\/p>\n","protected":false},"author":1,"featured_media":0,"parent":60,"menu_order":0,"comment_status":"closed","ping_status":"closed","template":"template-slideshow.php","meta":{"footnotes":""},"class_list":["post-268","page","type-page","status-publish","hentry"],"_links":{"self":[{"href":"https:\/\/www.susanatorre.net\/es\/wp-json\/wp\/v2\/pages\/268","targetHints":{"allow":["GET"]}}],"collection":[{"href":"https:\/\/www.susanatorre.net\/es\/wp-json\/wp\/v2\/pages"}],"about":[{"href":"https:\/\/www.susanatorre.net\/es\/wp-json\/wp\/v2\/types\/page"}],"author":[{"embeddable":true,"href":"https:\/\/www.susanatorre.net\/es\/wp-json\/wp\/v2\/users\/1"}],"replies":[{"embeddable":true,"href":"https:\/\/www.susanatorre.net\/es\/wp-json\/wp\/v2\/comments?post=268"}],"version-history":[{"count":4,"href":"https:\/\/www.susanatorre.net\/es\/wp-json\/wp\/v2\/pages\/268\/revisions"}],"predecessor-version":[{"id":7260,"href":"https:\/\/www.susanatorre.net\/es\/wp-json\/wp\/v2\/pages\/268\/revisions\/7260"}],"up":[{"embeddable":true,"href":"https:\/\/www.susanatorre.net\/es\/wp-json\/wp\/v2\/pages\/60"}],"wp:attachment":[{"href":"https:\/\/www.susanatorre.net\/es\/wp-json\/wp\/v2\/media?parent=268"}],"curies":[{"name":"wp","href":"https:\/\/api.w.org\/{rel}","templated":true}]}}