{"id":261,"date":"2014-02-12T10:17:42","date_gmt":"2014-02-12T09:17:42","guid":{"rendered":"http:\/\/torre.emazing.nl\/?page_id=261"},"modified":"2016-12-21T12:47:42","modified_gmt":"2016-12-21T11:47:42","slug":"casa-de-bomberos-5","status":"publish","type":"page","link":"https:\/\/www.susanatorre.net\/es\/arquitectura-y-diseno\/haciendo-espacio-para-las-mujeres\/casa-de-bomberos-5\/","title":{"rendered":"Casa de Bomberos 5"},"content":{"rendered":"<style type=\"text\/css\">.easingslider-7208 { max-width: 525px; }.easingslider-7208 .easingslider-image { max-height: 400px; max-width: 525px; }.easingslider-7208 .easingslider-fade-in, .easingslider-fade-out { -webkit-animation-duration: 500ms; -moz-animation-duration: 500ms; animation-duration: 500ms; }<\/style><script type=\"text\/javascript\">window.EasingSlider7208 = {\"width\":525,\"height\":400,\"singleItem\":true,\"items\":1,\"itemsDesktop\":false,\"itemsDesktopSmall\":false,\"itemsTablet\":false,\"itemsTabletSmall\":false,\"itemsMobile\":false,\"responsive\":true,\"lazyLoad\":true,\"autoPlay\":4000,\"slideSpeed\":500,\"navigation\":true,\"navigationText\":[\"\",\"\"],\"pagination\":true,\"autoHeight\":false,\"mouseDrag\":false,\"touchDrag\":false,\"addClassActive\":true,\"transitionStyle\":false};<\/script><div data-id=\"7208\" class=\"easingslider easingslider-7208 easingslider-container easingslider-resizing-enabled easingslider-aspect-ratio easingslider-arrows-outside easingslider-pagination-hover easingslider-pagination-inside easingslider-pagination-bottom-center\"><div class=\"easingslider-slide\"><img decoding=\"async\" src=\"https:\/\/www.susanatorre.net\/wp-content\/plugins\/emazing-easing-slider\/assets\/images\/placeholder-pixel.png\" data-src=\"http:\/\/www.susanatorre.net\/wp-content\/uploads\/slide-firestation-1.jpg\" alt=\"\" title=\"slide-firestation-1\" class=\"easingslider-image easingslider-lazy\" \/><\/div><div class=\"easingslider-slide\"><img decoding=\"async\" src=\"https:\/\/www.susanatorre.net\/wp-content\/plugins\/emazing-easing-slider\/assets\/images\/placeholder-pixel.png\" data-src=\"http:\/\/www.susanatorre.net\/wp-content\/uploads\/slide-firestation-2.jpg\" alt=\"\" title=\"slide-firestation-2\" class=\"easingslider-image easingslider-lazy\" \/><\/div><div class=\"easingslider-slide\"><img decoding=\"async\" src=\"https:\/\/www.susanatorre.net\/wp-content\/plugins\/emazing-easing-slider\/assets\/images\/placeholder-pixel.png\" data-src=\"http:\/\/www.susanatorre.net\/wp-content\/uploads\/slide-firestation-3.jpg\" alt=\"\" title=\"slide-firestation-3\" class=\"easingslider-image easingslider-lazy\" \/><\/div><div class=\"easingslider-slide\"><img decoding=\"async\" src=\"https:\/\/www.susanatorre.net\/wp-content\/plugins\/emazing-easing-slider\/assets\/images\/placeholder-pixel.png\" data-src=\"http:\/\/www.susanatorre.net\/wp-content\/uploads\/slide-firestation-4.jpg\" alt=\"\" title=\"slide-firestation-4\" class=\"easingslider-image easingslider-lazy\" \/><\/div><div class=\"easingslider-slide\"><img decoding=\"async\" src=\"https:\/\/www.susanatorre.net\/wp-content\/plugins\/emazing-easing-slider\/assets\/images\/placeholder-pixel.png\" data-src=\"http:\/\/www.susanatorre.net\/wp-content\/uploads\/slide-firestation-5.jpg\" alt=\"\" title=\"slide-firestation-5\" class=\"easingslider-image easingslider-lazy\" \/><\/div><div class=\"easingslider-slide\"><img decoding=\"async\" src=\"https:\/\/www.susanatorre.net\/wp-content\/plugins\/emazing-easing-slider\/assets\/images\/placeholder-pixel.png\" data-src=\"http:\/\/www.susanatorre.net\/wp-content\/uploads\/slide-firestation-6.jpg\" alt=\"\" title=\"slide-firestation-6\" class=\"easingslider-image easingslider-lazy\" \/><\/div><div class=\"easingslider-slide\"><img decoding=\"async\" src=\"https:\/\/www.susanatorre.net\/wp-content\/plugins\/emazing-easing-slider\/assets\/images\/placeholder-pixel.png\" data-src=\"http:\/\/www.susanatorre.net\/wp-content\/uploads\/slide-firestation-7.jpg\" alt=\"\" title=\"slide-firestation-7\" class=\"easingslider-image easingslider-lazy\" \/><\/div><div class=\"easingslider-slide\"><img decoding=\"async\" src=\"https:\/\/www.susanatorre.net\/wp-content\/plugins\/emazing-easing-slider\/assets\/images\/placeholder-pixel.png\" data-src=\"http:\/\/www.susanatorre.net\/wp-content\/uploads\/slide-firestation-8.jpg\" alt=\"\" title=\"slide-firestation-8\" class=\"easingslider-image easingslider-lazy\" \/><\/div><\/div>\n<h2><b>Casa de Bomberos 5\u00a0<\/b><b>|<\/b> 1984-1987<\/h2>\n<h3>Columbus, Indiana<\/h3>\n<p>Dado que los bomberos arriesgan sus vidas en el trabajo, ese oficio es uno de los mejor pagados en los EE.UU. pero tambi\u00e9n es uno que ha sido especialmente reacio a admitir a las mujeres. Ha sido notoria la dificultad para retener en el cuerpo de bomberos a las pocas mujeres que aprueban las pruebas de fuerza. El compromiso de la alcaldesa de esta ciudad para integrar a las mujeres en el cuerpo de bomberos ofreci\u00f3 la oportunidad para repensar la tipolog\u00eda de la casa de bomberos. Su organizaci\u00f3n espacial, donde las comidas, el entrenamiento f\u00edsico y el tiempo libre se comparten en turnos continuos de 24 o 48 horas, era una parte del problema. Hasta este dise\u00f1o, los v\u00ednculos afectivos necesarios para crear confianza entre los bomberos se desarrollaban en los dormitorios y duchas compartidas, espacios donde las mujeres no se sent\u00edan adecuadas o bienvenidas. En la Casa de Bomberos 5, estos v\u00ednculos se desarrollan en la cocina y en el gimnasio, y en lugar de un dormitorio compartido, hay dormitorios individuales con camas plegables. Detalles como las alacenas transparentes en la cocina impiden la reproducci\u00f3n de patrones dom\u00e9sticos seg\u00fan el g\u00e9nero, y la visibilidad de la barra de bombero y de la sala de ejercicios pone los cuerpos y destrezas de cada uno a la vista de todos. Usando la torre de la barra de bomberos como pivote espacial, los vol\u00famenes y las fachadas del edificio son asim\u00e9tricas, para hacer evidente la separaci\u00f3n de espacios p\u00fablicos y privados; sin embargo son sim\u00e9tricas dentro del patio abierto para afirmar el objetivo de la paridad en el reclutamiento de hombres y mujeres.<\/p>\n","protected":false},"excerpt":{"rendered":"<p>Casa de Bomberos 5\u00a0| 1984-1987 Columbus, Indiana Dado que los bomberos arriesgan sus vidas en el trabajo, ese oficio es uno de los mejor pagados en los EE.UU. pero tambi\u00e9n es uno que ha sido especialmente reacio a admitir a las mujeres. Ha sido notoria la dificultad para retener en el cuerpo de bomberos a [&hellip;]<\/p>\n","protected":false},"author":1,"featured_media":0,"parent":54,"menu_order":4,"comment_status":"closed","ping_status":"closed","template":"template-slideshow.php","meta":{"footnotes":""},"class_list":["post-261","page","type-page","status-publish","hentry"],"_links":{"self":[{"href":"https:\/\/www.susanatorre.net\/es\/wp-json\/wp\/v2\/pages\/261","targetHints":{"allow":["GET"]}}],"collection":[{"href":"https:\/\/www.susanatorre.net\/es\/wp-json\/wp\/v2\/pages"}],"about":[{"href":"https:\/\/www.susanatorre.net\/es\/wp-json\/wp\/v2\/types\/page"}],"author":[{"embeddable":true,"href":"https:\/\/www.susanatorre.net\/es\/wp-json\/wp\/v2\/users\/1"}],"replies":[{"embeddable":true,"href":"https:\/\/www.susanatorre.net\/es\/wp-json\/wp\/v2\/comments?post=261"}],"version-history":[{"count":4,"href":"https:\/\/www.susanatorre.net\/es\/wp-json\/wp\/v2\/pages\/261\/revisions"}],"predecessor-version":[{"id":7258,"href":"https:\/\/www.susanatorre.net\/es\/wp-json\/wp\/v2\/pages\/261\/revisions\/7258"}],"up":[{"embeddable":true,"href":"https:\/\/www.susanatorre.net\/es\/wp-json\/wp\/v2\/pages\/54"}],"wp:attachment":[{"href":"https:\/\/www.susanatorre.net\/es\/wp-json\/wp\/v2\/media?parent=261"}],"curies":[{"name":"wp","href":"https:\/\/api.w.org\/{rel}","templated":true}]}}