{"id":26,"date":"2014-01-27T14:50:52","date_gmt":"2014-01-27T13:50:52","guid":{"rendered":"http:\/\/torre.emazing.nl\/?page_id=26"},"modified":"2014-02-28T13:34:22","modified_gmt":"2014-02-28T12:34:22","slug":"biografia","status":"publish","type":"page","link":"https:\/\/www.susanatorre.net\/es\/biografia\/","title":{"rendered":"Biograf\u00eda"},"content":{"rendered":"<div id=\"attachment_693\" style=\"width: 535px\" class=\"wp-caption alignnone\"><img loading=\"lazy\" decoding=\"async\" aria-describedby=\"caption-attachment-693\" class=\"size-large wp-image-693 \" alt=\"Biograf\u00eda\" src=\"\/wp-content\/uploads\/Biography-525x665.jpg\" width=\"525\" height=\"665\" srcset=\"https:\/\/www.susanatorre.net\/wp-content\/uploads\/Biography-525x665.jpg 525w, https:\/\/www.susanatorre.net\/wp-content\/uploads\/Biography-253x320.jpg 253w, https:\/\/www.susanatorre.net\/wp-content\/uploads\/Biography.jpg 947w\" sizes=\"auto, (max-width: 525px) 100vw, 525px\" \/><p id=\"caption-attachment-693\" class=\"wp-caption-text\">Jack Beal (1931-2013); <em>La Arquitecta<\/em>; \u00f3leo sobre lino; 1972-1973; 152.7 x 127.3 cm. Hirshhorn Museo de Arte, Smithsonian. Esta pintura es un retrato de Susana Torre.<\/p><\/div>\n<p>&nbsp;<\/p>\n<h3>Esta secci\u00f3n est\u00e1 en proceso de ser construida. Colgar\u00e9 una cronolog\u00eda biogr\u00e1fica a la brevedad. Entre tanto, por favor ver: <a href=\"http:\/\/en.wikipedia.org\/wiki\/Susana_Torre\">http:\/\/en.wikipedia.org\/wiki\/Susana_Torre<\/a><\/h3>\n","protected":false},"excerpt":{"rendered":"<p>&nbsp; Esta secci\u00f3n est\u00e1 en proceso de ser construida. Colgar\u00e9 una cronolog\u00eda biogr\u00e1fica a la brevedad. Entre tanto, por favor ver: http:\/\/en.wikipedia.org\/wiki\/Susana_Torre<\/p>\n","protected":false},"author":1,"featured_media":0,"parent":0,"menu_order":5,"comment_status":"closed","ping_status":"closed","template":"","meta":{"footnotes":""},"class_list":["post-26","page","type-page","status-publish","hentry"],"_links":{"self":[{"href":"https:\/\/www.susanatorre.net\/es\/wp-json\/wp\/v2\/pages\/26","targetHints":{"allow":["GET"]}}],"collection":[{"href":"https:\/\/www.susanatorre.net\/es\/wp-json\/wp\/v2\/pages"}],"about":[{"href":"https:\/\/www.susanatorre.net\/es\/wp-json\/wp\/v2\/types\/page"}],"author":[{"embeddable":true,"href":"https:\/\/www.susanatorre.net\/es\/wp-json\/wp\/v2\/users\/1"}],"replies":[{"embeddable":true,"href":"https:\/\/www.susanatorre.net\/es\/wp-json\/wp\/v2\/comments?post=26"}],"version-history":[{"count":7,"href":"https:\/\/www.susanatorre.net\/es\/wp-json\/wp\/v2\/pages\/26\/revisions"}],"predecessor-version":[{"id":1221,"href":"https:\/\/www.susanatorre.net\/es\/wp-json\/wp\/v2\/pages\/26\/revisions\/1221"}],"wp:attachment":[{"href":"https:\/\/www.susanatorre.net\/es\/wp-json\/wp\/v2\/media?parent=26"}],"curies":[{"name":"wp","href":"https:\/\/api.w.org\/{rel}","templated":true}]}}