{"id":258,"date":"2014-02-12T10:16:40","date_gmt":"2014-02-12T09:16:40","guid":{"rendered":"http:\/\/torre.emazing.nl\/?page_id=258"},"modified":"2016-12-21T12:47:09","modified_gmt":"2016-12-21T11:47:09","slug":"sobre-el-espacio-posmoderno-para-lily-reich","status":"publish","type":"page","link":"https:\/\/www.susanatorre.net\/es\/arquitectura-y-diseno\/haciendo-espacio-para-las-mujeres\/sobre-el-espacio-posmoderno-para-lily-reich\/","title":{"rendered":"Sobre el espacio (posmoderno): Para Lily Reich"},"content":{"rendered":"<style type=\"text\/css\">.easingslider-7207 { max-width: 525px; }.easingslider-7207 .easingslider-image { max-height: 400px; max-width: 525px; }.easingslider-7207 .easingslider-fade-in, .easingslider-fade-out { -webkit-animation-duration: 500ms; -moz-animation-duration: 500ms; animation-duration: 500ms; }<\/style><script type=\"text\/javascript\">window.EasingSlider7207 = {\"width\":525,\"height\":400,\"singleItem\":true,\"items\":1,\"itemsDesktop\":false,\"itemsDesktopSmall\":false,\"itemsTablet\":false,\"itemsTabletSmall\":false,\"itemsMobile\":false,\"responsive\":true,\"lazyLoad\":true,\"autoPlay\":4000,\"slideSpeed\":500,\"navigation\":true,\"navigationText\":[\"\",\"\"],\"pagination\":true,\"autoHeight\":false,\"mouseDrag\":false,\"touchDrag\":false,\"addClassActive\":true,\"transitionStyle\":false};<\/script><div data-id=\"7207\" class=\"easingslider easingslider-7207 easingslider-container easingslider-resizing-enabled easingslider-aspect-ratio easingslider-arrows-outside easingslider-pagination-hover easingslider-pagination-inside easingslider-pagination-bottom-center\"><div class=\"easingslider-slide\"><img decoding=\"async\" src=\"https:\/\/www.susanatorre.net\/wp-content\/plugins\/emazing-easing-slider\/assets\/images\/placeholder-pixel.png\" data-src=\"http:\/\/www.susanatorre.net\/wp-content\/uploads\/slide-postmodern-1.jpg\" alt=\"\" title=\"slide-postmodern-1\" class=\"easingslider-image easingslider-lazy\" \/><\/div><div class=\"easingslider-slide\"><img decoding=\"async\" src=\"https:\/\/www.susanatorre.net\/wp-content\/plugins\/emazing-easing-slider\/assets\/images\/placeholder-pixel.png\" data-src=\"http:\/\/www.susanatorre.net\/wp-content\/uploads\/slide-postmodern-2.jpg\" alt=\"\" title=\"slide-postmodern-2\" class=\"easingslider-image easingslider-lazy\" \/><\/div><div class=\"easingslider-slide\"><img decoding=\"async\" src=\"https:\/\/www.susanatorre.net\/wp-content\/plugins\/emazing-easing-slider\/assets\/images\/placeholder-pixel.png\" data-src=\"http:\/\/www.susanatorre.net\/wp-content\/uploads\/slide-postmodern-3.jpg\" alt=\"\" title=\"slide-postmodern-3\" class=\"easingslider-image easingslider-lazy\" \/><\/div><\/div>\n<h2>Sobre el espacio (posmoderno): Para Lily Reich\u00a0| 1985<\/h2>\n<h3>Instalaci\u00f3n de exposici\u00f3n, Ronald Feldman Fine Arts, Nueva York<\/h3>\n<p>T\u00edpicamente las exposiciones de arquitectura consisten de fotograf\u00edas, dibujos y maquetas sobre la arquitectura, sin que el visitante experimente realmente un espacio arquitect\u00f3nico. Esta instalaci\u00f3n pretend\u00eda ofrecer esa experiencia, y presentar una cr\u00edtica de la pol\u00e9mica entre el espacio Moderno y el Posmoderno que fue central en el discurso arquitect\u00f3nico a mediados de los 1980. En esa pol\u00e9mica, muchos cr\u00edticos consideraban \u201cretr\u00f3grados\u201d los recintos cerrados\u00a0 del espacio posmoderno, porque parec\u00edan ser un retorno a los l\u00edmites de los muros de carga, en contraste con el espacio \u201cinfinito\u201d de un campo estructural sin l\u00edmites que se consideraba el legado duradero de la arquitectura moderna. Se asum\u00eda que el encierro y la apertura eras ideas opuesta e irreconciliables. Pero en realidad, los espacios cerrados coexist\u00edan en combinaci\u00f3n con las versiones m\u00e1s radicales de la planta libre, como en el Caf\u00e9 de Terciopelo y Seda que dise\u00f1\u00f3 Lily Reich para la Exposici\u00f3n de Moda de Mujeres en Berl\u00edn en 1927. La falta de estudios comparados de los arquitectos modernos femeninos y masculinos, a\u00fan cuando trabajaban juntos como hac\u00edan Mies Van de Rohe y Lily Reich, nos ha hecho pasar por alto propuestas espaciales similares. La instalaci\u00f3n combina ambos tipos espaciales. Dise\u00f1\u00e9 las sillas dentro del recinto cerrado de la instalaci\u00f3n para obligar la adopci\u00f3n de una pose acusatoria, exigiendo a la columna abierta el reconocimiento de la modernidad del espacio definido por la cortina de seda.<\/p>\n","protected":false},"excerpt":{"rendered":"<p>Sobre el espacio (posmoderno): Para Lily Reich\u00a0| 1985 Instalaci\u00f3n de exposici\u00f3n, Ronald Feldman Fine Arts, Nueva York T\u00edpicamente las exposiciones de arquitectura consisten de fotograf\u00edas, dibujos y maquetas sobre la arquitectura, sin que el visitante experimente realmente un espacio arquitect\u00f3nico. Esta instalaci\u00f3n pretend\u00eda ofrecer esa experiencia, y presentar una cr\u00edtica de la pol\u00e9mica entre el [&hellip;]<\/p>\n","protected":false},"author":1,"featured_media":0,"parent":54,"menu_order":2,"comment_status":"closed","ping_status":"closed","template":"template-slideshow.php","meta":{"footnotes":""},"class_list":["post-258","page","type-page","status-publish","hentry"],"_links":{"self":[{"href":"https:\/\/www.susanatorre.net\/es\/wp-json\/wp\/v2\/pages\/258","targetHints":{"allow":["GET"]}}],"collection":[{"href":"https:\/\/www.susanatorre.net\/es\/wp-json\/wp\/v2\/pages"}],"about":[{"href":"https:\/\/www.susanatorre.net\/es\/wp-json\/wp\/v2\/types\/page"}],"author":[{"embeddable":true,"href":"https:\/\/www.susanatorre.net\/es\/wp-json\/wp\/v2\/users\/1"}],"replies":[{"embeddable":true,"href":"https:\/\/www.susanatorre.net\/es\/wp-json\/wp\/v2\/comments?post=258"}],"version-history":[{"count":5,"href":"https:\/\/www.susanatorre.net\/es\/wp-json\/wp\/v2\/pages\/258\/revisions"}],"predecessor-version":[{"id":7256,"href":"https:\/\/www.susanatorre.net\/es\/wp-json\/wp\/v2\/pages\/258\/revisions\/7256"}],"up":[{"embeddable":true,"href":"https:\/\/www.susanatorre.net\/es\/wp-json\/wp\/v2\/pages\/54"}],"wp:attachment":[{"href":"https:\/\/www.susanatorre.net\/es\/wp-json\/wp\/v2\/media?parent=258"}],"curies":[{"name":"wp","href":"https:\/\/api.w.org\/{rel}","templated":true}]}}