{"id":255,"date":"2014-02-12T10:15:27","date_gmt":"2014-02-12T09:15:27","guid":{"rendered":"http:\/\/torre.emazing.nl\/?page_id=255"},"modified":"2016-12-21T12:46:11","modified_gmt":"2016-12-21T11:46:11","slug":"las-mujeres-en-la-arquitectura-de-los-estados-unidos","status":"publish","type":"page","link":"https:\/\/www.susanatorre.net\/es\/arquitectura-y-diseno\/haciendo-espacio-para-las-mujeres\/las-mujeres-en-la-arquitectura-de-los-estados-unidos\/","title":{"rendered":"Las mujeres en la arquitectura de los Estados Unidos"},"content":{"rendered":"<style type=\"text\/css\">.easingslider-7206 { max-width: 525px; }.easingslider-7206 .easingslider-image { max-height: 400px; max-width: 525px; }.easingslider-7206 .easingslider-fade-in, .easingslider-fade-out { -webkit-animation-duration: 500ms; -moz-animation-duration: 500ms; animation-duration: 500ms; }<\/style><script type=\"text\/javascript\">window.EasingSlider7206 = {\"width\":525,\"height\":400,\"singleItem\":true,\"items\":1,\"itemsDesktop\":false,\"itemsDesktopSmall\":false,\"itemsTablet\":false,\"itemsTabletSmall\":false,\"itemsMobile\":false,\"responsive\":true,\"lazyLoad\":true,\"autoPlay\":4000,\"slideSpeed\":500,\"navigation\":true,\"navigationText\":[\"\",\"\"],\"pagination\":true,\"autoHeight\":false,\"mouseDrag\":false,\"touchDrag\":false,\"addClassActive\":true,\"transitionStyle\":false};<\/script><div data-id=\"7206\" class=\"easingslider easingslider-7206 easingslider-container easingslider-resizing-enabled easingslider-aspect-ratio easingslider-arrows-outside easingslider-pagination-hover easingslider-pagination-inside easingslider-pagination-bottom-center\"><div class=\"easingslider-slide\"><img decoding=\"async\" src=\"https:\/\/www.susanatorre.net\/wp-content\/plugins\/emazing-easing-slider\/assets\/images\/placeholder-pixel.png\" data-src=\"http:\/\/www.susanatorre.net\/wp-content\/uploads\/slide-women-architecture-1.jpg\" alt=\"\" title=\"slide-women-architecture-1\" class=\"easingslider-image easingslider-lazy\" \/><\/div><div class=\"easingslider-slide\"><img decoding=\"async\" src=\"https:\/\/www.susanatorre.net\/wp-content\/plugins\/emazing-easing-slider\/assets\/images\/placeholder-pixel.png\" data-src=\"http:\/\/www.susanatorre.net\/wp-content\/uploads\/slide-women-architecture-2.jpg\" alt=\"\" title=\"slide-women-architecture-2\" class=\"easingslider-image easingslider-lazy\" \/><\/div><div class=\"easingslider-slide\"><img decoding=\"async\" src=\"https:\/\/www.susanatorre.net\/wp-content\/plugins\/emazing-easing-slider\/assets\/images\/placeholder-pixel.png\" data-src=\"http:\/\/www.susanatorre.net\/wp-content\/uploads\/slide-women-architecture-3.jpg\" alt=\"\" title=\"slide-women-architecture-3\" class=\"easingslider-image easingslider-lazy\" \/><\/div><div class=\"easingslider-slide\"><img decoding=\"async\" src=\"https:\/\/www.susanatorre.net\/wp-content\/plugins\/emazing-easing-slider\/assets\/images\/placeholder-pixel.png\" data-src=\"http:\/\/www.susanatorre.net\/wp-content\/uploads\/slide-women-architecture-4.jpg\" alt=\"\" title=\"slide-women-architecture-4\" class=\"easingslider-image easingslider-lazy\" \/><\/div><div class=\"easingslider-slide\"><img decoding=\"async\" src=\"https:\/\/www.susanatorre.net\/wp-content\/plugins\/emazing-easing-slider\/assets\/images\/placeholder-pixel.png\" data-src=\"http:\/\/www.susanatorre.net\/wp-content\/uploads\/slide-women-architecture-5.jpg\" alt=\"\" title=\"slide-women-architecture-5\" class=\"easingslider-image easingslider-lazy\" \/><\/div><div class=\"easingslider-slide\"><img decoding=\"async\" src=\"https:\/\/www.susanatorre.net\/wp-content\/plugins\/emazing-easing-slider\/assets\/images\/placeholder-pixel.png\" data-src=\"http:\/\/www.susanatorre.net\/wp-content\/uploads\/slide-women-architecture-6.jpg\" alt=\"\" title=\"slide-women-architecture-6\" class=\"easingslider-image easingslider-lazy\" \/><\/div><div class=\"easingslider-slide\"><img decoding=\"async\" src=\"https:\/\/www.susanatorre.net\/wp-content\/plugins\/emazing-easing-slider\/assets\/images\/placeholder-pixel.png\" data-src=\"http:\/\/www.susanatorre.net\/wp-content\/uploads\/slide-women-architecture-7.jpg\" alt=\"\" title=\"slide-women-architecture-7\" class=\"easingslider-image easingslider-lazy\" \/><\/div><div class=\"easingslider-slide\"><img decoding=\"async\" src=\"https:\/\/www.susanatorre.net\/wp-content\/plugins\/emazing-easing-slider\/assets\/images\/placeholder-pixel.png\" data-src=\"http:\/\/www.susanatorre.net\/wp-content\/uploads\/slide-women-architecture-8.jpg\" alt=\"\" title=\"slide-women-architecture-8\" class=\"easingslider-image easingslider-lazy\" \/><\/div><\/div>\n<h2>Las mujeres en la arquitectura de los Estados Unidos. Una perspectiva hist\u00f3rica y contempor\u00e1nea\u00a0 | 1976-1977<\/h2>\n<h3>Instalaci\u00f3n de la exposici\u00f3n itinerante en el Museo de Brooklyn, Nueva York<\/h3>\n<p>El dise\u00f1o de la instalaci\u00f3n como una enorme sala de dibujo hizo visible las muchas arquitectas cuya mera existencia hab\u00eda sido negada por el <i>establishment<\/i> masculino. Rechazando el acostumbrado enfoque en las escasas \u201cmujeres excepcionales\u201d aceptadas (aunque a rega\u00f1adientes) por ese establishment, la instalaci\u00f3n pretend\u00eda presentar una perspectiva compleja y matizada de las ideolog\u00edas que han constre\u00f1ido a las mujeres, espacialmente a la casa y socialmente a carreras estereotipadas como maestras o enfermeras. Tambi\u00e9n se buscaba mostrar como los Edificios de las Mujeres creados en 1893 en Chicago y en 1973 en Los \u00c1ngeles hab\u00edan sido cruciales en hacer visible las actividades y contribuciones culturales de las mujeres. La instalaci\u00f3n se organiz\u00f3 en tres secciones: las dise\u00f1adoras y te\u00f3ricas de la domesticidad; las arquitectas profesionales (tanto las excepcionales como las normales); y los Edificios de las Mujeres. El presupuesto otorgado por el museo para la instalaci\u00f3n apenas cubri\u00f3 el costo de la pintura para la l\u00ednea roja indicando el \u201clist\u00f3n m\u00e1s alto\u201d siempre exigido a las mujeres profesionales; el due\u00f1o de una tienda de equipo para arquitectos prest\u00f3 las mesas de dibujo cuyos tableros fueron reemplazados por los paneles de la exposici\u00f3n.<\/p>\n","protected":false},"excerpt":{"rendered":"<p>Las mujeres en la arquitectura de los Estados Unidos. Una perspectiva hist\u00f3rica y contempor\u00e1nea\u00a0 | 1976-1977 Instalaci\u00f3n de la exposici\u00f3n itinerante en el Museo de Brooklyn, Nueva York El dise\u00f1o de la instalaci\u00f3n como una enorme sala de dibujo hizo visible las muchas arquitectas cuya mera existencia hab\u00eda sido negada por el establishment masculino. Rechazando [&hellip;]<\/p>\n","protected":false},"author":1,"featured_media":0,"parent":54,"menu_order":0,"comment_status":"closed","ping_status":"closed","template":"template-slideshow.php","meta":{"footnotes":""},"class_list":["post-255","page","type-page","status-publish","hentry"],"_links":{"self":[{"href":"https:\/\/www.susanatorre.net\/es\/wp-json\/wp\/v2\/pages\/255","targetHints":{"allow":["GET"]}}],"collection":[{"href":"https:\/\/www.susanatorre.net\/es\/wp-json\/wp\/v2\/pages"}],"about":[{"href":"https:\/\/www.susanatorre.net\/es\/wp-json\/wp\/v2\/types\/page"}],"author":[{"embeddable":true,"href":"https:\/\/www.susanatorre.net\/es\/wp-json\/wp\/v2\/users\/1"}],"replies":[{"embeddable":true,"href":"https:\/\/www.susanatorre.net\/es\/wp-json\/wp\/v2\/comments?post=255"}],"version-history":[{"count":5,"href":"https:\/\/www.susanatorre.net\/es\/wp-json\/wp\/v2\/pages\/255\/revisions"}],"predecessor-version":[{"id":7254,"href":"https:\/\/www.susanatorre.net\/es\/wp-json\/wp\/v2\/pages\/255\/revisions\/7254"}],"up":[{"embeddable":true,"href":"https:\/\/www.susanatorre.net\/es\/wp-json\/wp\/v2\/pages\/54"}],"wp:attachment":[{"href":"https:\/\/www.susanatorre.net\/es\/wp-json\/wp\/v2\/media?parent=255"}],"curies":[{"name":"wp","href":"https:\/\/api.w.org\/{rel}","templated":true}]}}