{"id":247,"date":"2014-02-12T10:09:50","date_gmt":"2014-02-12T09:09:50","guid":{"rendered":"http:\/\/torre.emazing.nl\/?page_id=247"},"modified":"2025-10-20T12:49:40","modified_gmt":"2025-10-20T11:49:40","slug":"una-comunidad-en-carboneras","status":"publish","type":"page","link":"https:\/\/www.susanatorre.net\/es\/arquitectura-y-diseno\/el-individuo-y-el-colectivo\/una-comunidad-en-carboneras\/","title":{"rendered":"Una comunidad en Carboneras"},"content":{"rendered":"<style type=\"text\/css\">.easingslider-7205 { max-width: 525px; }.easingslider-7205 .easingslider-image { max-height: 400px; max-width: 525px; }.easingslider-7205 .easingslider-fade-in, .easingslider-fade-out { -webkit-animation-duration: 500ms; -moz-animation-duration: 500ms; animation-duration: 500ms; }<\/style><script type=\"text\/javascript\">window.EasingSlider7205 = {\"width\":525,\"height\":400,\"singleItem\":true,\"items\":1,\"itemsDesktop\":false,\"itemsDesktopSmall\":false,\"itemsTablet\":false,\"itemsTabletSmall\":false,\"itemsMobile\":false,\"responsive\":true,\"lazyLoad\":true,\"autoPlay\":4000,\"slideSpeed\":500,\"navigation\":true,\"navigationText\":[\"\",\"\"],\"pagination\":true,\"autoHeight\":false,\"mouseDrag\":false,\"touchDrag\":false,\"addClassActive\":true,\"transitionStyle\":false};<\/script><div data-id=\"7205\" class=\"easingslider easingslider-7205 easingslider-container easingslider-resizing-enabled easingslider-aspect-ratio easingslider-arrows-outside easingslider-pagination-hover easingslider-pagination-inside easingslider-pagination-bottom-center\"><div class=\"easingslider-slide\"><img decoding=\"async\" src=\"https:\/\/www.susanatorre.net\/wp-content\/plugins\/emazing-easing-slider\/assets\/images\/placeholder-pixel.png\" data-src=\"https:\/\/www.susanatorre.net\/wp-content\/uploads\/1-Context-525x400.jpeg\" alt=\"\" title=\"\" class=\"easingslider-image easingslider-lazy\" \/><\/div><div class=\"easingslider-slide\"><img decoding=\"async\" src=\"https:\/\/www.susanatorre.net\/wp-content\/plugins\/emazing-easing-slider\/assets\/images\/placeholder-pixel.png\" data-src=\"https:\/\/www.susanatorre.net\/wp-content\/uploads\/3-Fachada-Sur-Frontal-525x400.jpeg\" alt=\"\" title=\"\" class=\"easingslider-image easingslider-lazy\" \/><\/div><div class=\"easingslider-slide\"><img decoding=\"async\" src=\"https:\/\/www.susanatorre.net\/wp-content\/plugins\/emazing-easing-slider\/assets\/images\/placeholder-pixel.png\" data-src=\"https:\/\/www.susanatorre.net\/wp-content\/uploads\/4-Plan-view-525x400.jpeg\" alt=\"\" title=\"\" class=\"easingslider-image easingslider-lazy\" \/><\/div><div class=\"easingslider-slide\"><img decoding=\"async\" src=\"https:\/\/www.susanatorre.net\/wp-content\/plugins\/emazing-easing-slider\/assets\/images\/placeholder-pixel.png\" data-src=\"https:\/\/www.susanatorre.net\/wp-content\/uploads\/5-Interior-street-1-525x400.jpeg\" alt=\"\" title=\"\" class=\"easingslider-image easingslider-lazy\" \/><\/div><div class=\"easingslider-slide\"><img decoding=\"async\" src=\"https:\/\/www.susanatorre.net\/wp-content\/plugins\/emazing-easing-slider\/assets\/images\/placeholder-pixel.png\" data-src=\"https:\/\/www.susanatorre.net\/wp-content\/uploads\/6-Space-connection-with-stairs-525x400.jpeg\" alt=\"\" title=\"\" class=\"easingslider-image easingslider-lazy\" \/><\/div><div class=\"easingslider-slide\"><img decoding=\"async\" src=\"https:\/\/www.susanatorre.net\/wp-content\/plugins\/emazing-easing-slider\/assets\/images\/placeholder-pixel.png\" data-src=\"https:\/\/www.susanatorre.net\/wp-content\/uploads\/7-View-from-poniente-525x400.jpeg\" alt=\"\" title=\"\" class=\"easingslider-image easingslider-lazy\" \/><\/div><div class=\"easingslider-slide\"><img decoding=\"async\" src=\"https:\/\/www.susanatorre.net\/wp-content\/plugins\/emazing-easing-slider\/assets\/images\/placeholder-pixel.png\" data-src=\"https:\/\/www.susanatorre.net\/wp-content\/uploads\/8-View-towards-village-525x400.jpeg\" alt=\"\" title=\"\" class=\"easingslider-image easingslider-lazy\" \/><\/div><div class=\"easingslider-slide\"><img decoding=\"async\" src=\"https:\/\/www.susanatorre.net\/wp-content\/plugins\/emazing-easing-slider\/assets\/images\/placeholder-pixel.png\" data-src=\"https:\/\/www.susanatorre.net\/wp-content\/uploads\/9-Pool-area-with-sea-525x400.jpeg\" alt=\"\" title=\"\" class=\"easingslider-image easingslider-lazy\" \/><\/div><div class=\"easingslider-slide\"><img decoding=\"async\" src=\"https:\/\/www.susanatorre.net\/wp-content\/plugins\/emazing-easing-slider\/assets\/images\/placeholder-pixel.png\" data-src=\"https:\/\/www.susanatorre.net\/wp-content\/uploads\/10-Viv.7-Sunset-525x400.jpeg\" alt=\"\" title=\"\" class=\"easingslider-image easingslider-lazy\" \/><\/div><\/div>\n<h2>Una comunidad en Carboneras\u00a0| 2003-2008<\/h2>\n<h3>Carboneras, Almer\u00eda, Espa\u00f1a<\/h3>\n<p>Las ideas que hab\u00eda primero investigado en La Casa de los Significados en 1970-1972 se hicieron realidad m\u00e1s de tres d\u00e9cadas m\u00e1s tarde en una comunidad residencial de siete viviendas y un apartamento para hu\u00e9spedes en la cosa sur de Espa\u00f1a. Tuve que hacerme promotora para realizarlas. El resultado es una nueva tipolog\u00eda residencial, que combina tres casas exentas con el bloque de apartamentos que les sirve de tel\u00f3n de fondo. Cada tipo toma prestado del otro : las casas est\u00e1n unidas al bloque mediante sus techos, y los \u00e1ticos usan los techos de las casas como terrazas expansivas y exentas. Cada casa y apartamento es \u00fanico en su dise\u00f1o, expresando la divergencia individual en el contexto de un acuerdo colectivo.<\/p>\n","protected":false},"excerpt":{"rendered":"<p>Una comunidad en Carboneras\u00a0| 2003-2008 Carboneras, Almer\u00eda, Espa\u00f1a Las ideas que hab\u00eda primero investigado en La Casa de los Significados en 1970-1972 se hicieron realidad m\u00e1s de tres d\u00e9cadas m\u00e1s tarde en una comunidad residencial de siete viviendas y un apartamento para hu\u00e9spedes en la cosa sur de Espa\u00f1a. Tuve que hacerme promotora para realizarlas. [&hellip;]<\/p>\n","protected":false},"author":1,"featured_media":0,"parent":48,"menu_order":2,"comment_status":"closed","ping_status":"closed","template":"template-slideshow.php","meta":{"footnotes":""},"class_list":["post-247","page","type-page","status-publish","hentry"],"_links":{"self":[{"href":"https:\/\/www.susanatorre.net\/es\/wp-json\/wp\/v2\/pages\/247","targetHints":{"allow":["GET"]}}],"collection":[{"href":"https:\/\/www.susanatorre.net\/es\/wp-json\/wp\/v2\/pages"}],"about":[{"href":"https:\/\/www.susanatorre.net\/es\/wp-json\/wp\/v2\/types\/page"}],"author":[{"embeddable":true,"href":"https:\/\/www.susanatorre.net\/es\/wp-json\/wp\/v2\/users\/1"}],"replies":[{"embeddable":true,"href":"https:\/\/www.susanatorre.net\/es\/wp-json\/wp\/v2\/comments?post=247"}],"version-history":[{"count":4,"href":"https:\/\/www.susanatorre.net\/es\/wp-json\/wp\/v2\/pages\/247\/revisions"}],"predecessor-version":[{"id":7252,"href":"https:\/\/www.susanatorre.net\/es\/wp-json\/wp\/v2\/pages\/247\/revisions\/7252"}],"up":[{"embeddable":true,"href":"https:\/\/www.susanatorre.net\/es\/wp-json\/wp\/v2\/pages\/48"}],"wp:attachment":[{"href":"https:\/\/www.susanatorre.net\/es\/wp-json\/wp\/v2\/media?parent=247"}],"curies":[{"name":"wp","href":"https:\/\/api.w.org\/{rel}","templated":true}]}}