{"id":244,"date":"2014-02-12T10:07:47","date_gmt":"2014-02-12T09:07:47","guid":{"rendered":"http:\/\/torre.emazing.nl\/?page_id=244"},"modified":"2016-12-21T12:44:43","modified_gmt":"2016-12-21T11:44:43","slug":"la-casa-de-los-significados","status":"publish","type":"page","link":"https:\/\/www.susanatorre.net\/es\/arquitectura-y-diseno\/el-individuo-y-el-colectivo\/la-casa-de-los-significados\/","title":{"rendered":"La Casa de los Significados"},"content":{"rendered":"<style type=\"text\/css\">.easingslider-7204 { max-width: 525px; }.easingslider-7204 .easingslider-image { max-height: 400px; max-width: 525px; }.easingslider-7204 .easingslider-fade-in, .easingslider-fade-out { -webkit-animation-duration: 500ms; -moz-animation-duration: 500ms; animation-duration: 500ms; }<\/style><script type=\"text\/javascript\">window.EasingSlider7204 = {\"width\":525,\"height\":400,\"singleItem\":true,\"items\":1,\"itemsDesktop\":false,\"itemsDesktopSmall\":false,\"itemsTablet\":false,\"itemsTabletSmall\":false,\"itemsMobile\":false,\"responsive\":true,\"lazyLoad\":true,\"autoPlay\":4000,\"slideSpeed\":500,\"navigation\":true,\"navigationText\":[\"\",\"\"],\"pagination\":true,\"autoHeight\":false,\"mouseDrag\":false,\"touchDrag\":false,\"addClassActive\":true,\"transitionStyle\":false};<\/script><div data-id=\"7204\" class=\"easingslider easingslider-7204 easingslider-container easingslider-resizing-enabled easingslider-aspect-ratio easingslider-arrows-outside easingslider-pagination-hover easingslider-pagination-inside easingslider-pagination-bottom-center\"><div class=\"easingslider-slide\"><img decoding=\"async\" src=\"https:\/\/www.susanatorre.net\/wp-content\/plugins\/emazing-easing-slider\/assets\/images\/placeholder-pixel.png\" data-src=\"http:\/\/www.susanatorre.net\/wp-content\/uploads\/slide-house-of-meanings-1.jpg\" alt=\"\" title=\"slide-house-of-meanings-1\" class=\"easingslider-image easingslider-lazy\" \/><\/div><div class=\"easingslider-slide\"><img decoding=\"async\" src=\"https:\/\/www.susanatorre.net\/wp-content\/plugins\/emazing-easing-slider\/assets\/images\/placeholder-pixel.png\" data-src=\"http:\/\/www.susanatorre.net\/wp-content\/uploads\/slide-house-of-meanings-2.jpg\" alt=\"\" title=\"slide-house-of-meanings-2\" class=\"easingslider-image easingslider-lazy\" \/><\/div><div class=\"easingslider-slide\"><img decoding=\"async\" src=\"https:\/\/www.susanatorre.net\/wp-content\/plugins\/emazing-easing-slider\/assets\/images\/placeholder-pixel.png\" data-src=\"http:\/\/www.susanatorre.net\/wp-content\/uploads\/slide-house-of-meanings-3.jpg\" alt=\"\" title=\"slide-house-of-meanings-3\" class=\"easingslider-image easingslider-lazy\" \/><\/div><div class=\"easingslider-slide\"><img decoding=\"async\" src=\"https:\/\/www.susanatorre.net\/wp-content\/plugins\/emazing-easing-slider\/assets\/images\/placeholder-pixel.png\" data-src=\"http:\/\/www.susanatorre.net\/wp-content\/uploads\/slide-house-of-meanings-4.jpg\" alt=\"\" title=\"slide-house-of-meanings-4\" class=\"easingslider-image easingslider-lazy\" \/><\/div><div class=\"easingslider-slide\"><img decoding=\"async\" src=\"https:\/\/www.susanatorre.net\/wp-content\/plugins\/emazing-easing-slider\/assets\/images\/placeholder-pixel.png\" data-src=\"http:\/\/www.susanatorre.net\/wp-content\/uploads\/slide-house-of-meanings-5.jpg\" alt=\"\" title=\"slide-house-of-meanings-5\" class=\"easingslider-image easingslider-lazy\" \/><\/div><div class=\"easingslider-slide\"><img decoding=\"async\" src=\"https:\/\/www.susanatorre.net\/wp-content\/plugins\/emazing-easing-slider\/assets\/images\/placeholder-pixel.png\" data-src=\"http:\/\/www.susanatorre.net\/wp-content\/uploads\/slide-house-of-meanings-6.jpg\" alt=\"\" title=\"slide-house-of-meanings-6\" class=\"easingslider-image easingslider-lazy\" \/><\/div><\/div>\n<h2>La Casa de los Significados\u00a0| 1970-1972<\/h2>\n<p>\u201cAl igual que la ciudad, la vivienda es una de las <i>formas simb\u00f3licas <\/i>m\u00e1s potentes en la cultura. La casa encarna ideolog\u00edas determinadas, usualmente las hegem\u00f3nicas, respecto a c\u00f3mo se debe vivir, los valores y jerarqu\u00edas que se deben promover dentro de la familia, y c\u00f3mo sus moradores deben relacionarse con el mundo exterior. (\u2026) As\u00ed podemos comprender por qu\u00e9, igual que al principio del siglo [XX], las feministas de hoy intentan crear sus propias im\u00e1genes de viviendas para promover la idea de una sociedad igualitaria y no sexista.\u201d<\/p>\n<p>La Casa de los Significados no era una casa determinada, sino una matriz que combinaba \u201cla integridad de un objeto arquitect\u00f3nico completo con los patrones cambiantes y temporales que surgen en el proceso de habitar\u201d. Basados en una matriz abierta de paredes paralelas, los dos proyectos no construidos para Puerto Rico y Santo Domingo se supon\u00edan existentes \u201cen un estado temporal de terminaci\u00f3n, y podr\u00edan ser transformados\u201d por la l\u00f3gica formal de la construcci\u00f3n vern\u00e1cula.<\/p>\n<p>(Las frases entre comillas son de mi ensayo <i>\u201cSpace as Matrix\u201d<\/i> (\u201cEl espacio como matriz\u201d), 1981<\/p>\n","protected":false},"excerpt":{"rendered":"<p>La Casa de los Significados\u00a0| 1970-1972 \u201cAl igual que la ciudad, la vivienda es una de las formas simb\u00f3licas m\u00e1s potentes en la cultura. La casa encarna ideolog\u00edas determinadas, usualmente las hegem\u00f3nicas, respecto a c\u00f3mo se debe vivir, los valores y jerarqu\u00edas que se deben promover dentro de la familia, y c\u00f3mo sus moradores deben [&hellip;]<\/p>\n","protected":false},"author":1,"featured_media":0,"parent":48,"menu_order":0,"comment_status":"closed","ping_status":"closed","template":"template-slideshow.php","meta":{"footnotes":""},"class_list":["post-244","page","type-page","status-publish","hentry"],"_links":{"self":[{"href":"https:\/\/www.susanatorre.net\/es\/wp-json\/wp\/v2\/pages\/244","targetHints":{"allow":["GET"]}}],"collection":[{"href":"https:\/\/www.susanatorre.net\/es\/wp-json\/wp\/v2\/pages"}],"about":[{"href":"https:\/\/www.susanatorre.net\/es\/wp-json\/wp\/v2\/types\/page"}],"author":[{"embeddable":true,"href":"https:\/\/www.susanatorre.net\/es\/wp-json\/wp\/v2\/users\/1"}],"replies":[{"embeddable":true,"href":"https:\/\/www.susanatorre.net\/es\/wp-json\/wp\/v2\/comments?post=244"}],"version-history":[{"count":7,"href":"https:\/\/www.susanatorre.net\/es\/wp-json\/wp\/v2\/pages\/244\/revisions"}],"predecessor-version":[{"id":7250,"href":"https:\/\/www.susanatorre.net\/es\/wp-json\/wp\/v2\/pages\/244\/revisions\/7250"}],"up":[{"embeddable":true,"href":"https:\/\/www.susanatorre.net\/es\/wp-json\/wp\/v2\/pages\/48"}],"wp:attachment":[{"href":"https:\/\/www.susanatorre.net\/es\/wp-json\/wp\/v2\/media?parent=244"}],"curies":[{"name":"wp","href":"https:\/\/api.w.org\/{rel}","templated":true}]}}