{"id":14,"date":"2014-01-27T14:49:08","date_gmt":"2014-01-27T13:49:08","guid":{"rendered":"http:\/\/torre.emazing.nl\/?page_id=14"},"modified":"2014-02-24T09:06:52","modified_gmt":"2014-02-24T08:06:52","slug":"arquitectura-y-diseno","status":"publish","type":"page","link":"https:\/\/www.susanatorre.net\/es\/arquitectura-y-diseno\/","title":{"rendered":"Arquitectura y Dise\u00f1o"},"content":{"rendered":"<p>Posiblemente lo que m\u00e1s tuvo que ver con mi decisi\u00f3n de hacerme arquitecta fue una diapositiva del interior de la c\u00fapula de Santa Sof\u00eda en Estambul, que se mostr\u00f3 en mi primer curso de Historia de la Arquitectura en Argentina en 1960. Recuerdo mi asombro: la luz entrando por las ventanitas en la base de la c\u00fapula hac\u00eda que desaparecieran los parteluces, de manera que pareciera que la c\u00fapula era sostenida solamente por la luz. Que se pudiera hacer levitar una estructura tan pesada y monumental me maravillaba y ejerc\u00eda sobre m\u00ed una gran atracci\u00f3n intelectual. Fue entonces que entend\u00ed que las formas arquitect\u00f3nicas pod\u00edan expresar ideas y significados \u2014 y ese descubrimiento ha sido mi inspiraci\u00f3n y mi br\u00fajula. Los proyectos mostrados en este sitio web representan una fracci\u00f3n de mis trabajos. Tienen todos que ver con la arquitectura como representaci\u00f3n, y son aquellos que m\u00e1s se aproximan a mis compromisos intelectuales m\u00e1s duraderos.<\/p>\n<p><img loading=\"lazy\" decoding=\"async\" class=\"alignnone size-large wp-image-155\" alt=\"AD_intro_hagia sophia\" src=\"\/wp-content\/uploads\/AD_intro_hagia-sophia-525x393.jpg\" width=\"525\" height=\"393\" srcset=\"https:\/\/www.susanatorre.net\/wp-content\/uploads\/AD_intro_hagia-sophia-525x393.jpg 525w, https:\/\/www.susanatorre.net\/wp-content\/uploads\/AD_intro_hagia-sophia-253x189.jpg 253w, https:\/\/www.susanatorre.net\/wp-content\/uploads\/AD_intro_hagia-sophia.jpg 1024w\" sizes=\"auto, (max-width: 525px) 100vw, 525px\" \/><\/p>\n","protected":false},"excerpt":{"rendered":"<p>Posiblemente lo que m\u00e1s tuvo que ver con mi decisi\u00f3n de hacerme arquitecta fue una diapositiva del interior de la c\u00fapula de Santa Sof\u00eda en Estambul, que se mostr\u00f3 en mi primer curso de Historia de la Arquitectura en Argentina en 1960. Recuerdo mi asombro: la luz entrando por las ventanitas en la base de [&hellip;]<\/p>\n","protected":false},"author":1,"featured_media":0,"parent":0,"menu_order":2,"comment_status":"closed","ping_status":"closed","template":"template-architecture-and-design.php","meta":{"footnotes":""},"class_list":["post-14","page","type-page","status-publish","hentry"],"_links":{"self":[{"href":"https:\/\/www.susanatorre.net\/es\/wp-json\/wp\/v2\/pages\/14","targetHints":{"allow":["GET"]}}],"collection":[{"href":"https:\/\/www.susanatorre.net\/es\/wp-json\/wp\/v2\/pages"}],"about":[{"href":"https:\/\/www.susanatorre.net\/es\/wp-json\/wp\/v2\/types\/page"}],"author":[{"embeddable":true,"href":"https:\/\/www.susanatorre.net\/es\/wp-json\/wp\/v2\/users\/1"}],"replies":[{"embeddable":true,"href":"https:\/\/www.susanatorre.net\/es\/wp-json\/wp\/v2\/comments?post=14"}],"version-history":[{"count":3,"href":"https:\/\/www.susanatorre.net\/es\/wp-json\/wp\/v2\/pages\/14\/revisions"}],"predecessor-version":[{"id":703,"href":"https:\/\/www.susanatorre.net\/es\/wp-json\/wp\/v2\/pages\/14\/revisions\/703"}],"wp:attachment":[{"href":"https:\/\/www.susanatorre.net\/es\/wp-json\/wp\/v2\/media?parent=14"}],"curies":[{"name":"wp","href":"https:\/\/api.w.org\/{rel}","templated":true}]}}